{"id":8067,"date":"2024-06-18T18:00:01","date_gmt":"2018-12-23T20:10:01","guid":{"rendered":"https:\/\/www.parsun.si\/izdelek\/blazina-s-torbico-za-klop-colna-95x22-cm\/"},"modified":"2025-07-09T19:50:12","modified_gmt":"2025-07-09T19:50:12","slug":"dusek-i-torba-91x20-cm-za-klupu-camca","status":"publish","type":"product","link":"https:\/\/www.viamaresport.com\/hr\/proizvod\/dusek-i-torba-91x20-cm-za-klupu-camca\/","title":{"rendered":"DU\u0160EK i TORBA 91&#215;20 cm za KLUPU \u010damca"},"content":{"rendered":"<div><span style=\"color: #800080;\">PREUZIMANJE:\u00a0 Dostava u HR i zemlje EU<\/span><\/div>\n<div>\n<div><span style=\"color: #339966;\">Cijena dostave vidna u korpi kad izaberete dr\u017eavu. Iskoristite na\u0161e niske cijene svje\u017eih proizvoda.<\/span><\/div>\n<\/div>\n<p>NAJNI\u017dA INTERNETNA CIJENA<span id=\"result_box\"><\/span><span id=\"result_box\" class=\"long_text\"><span title=\"AKCIJSKA CENA: samo 299 EUR \u017ee z DDV !\"><strong><br \/>\n<\/strong><\/span><\/span><\/p>\n<p>DU\u0160EK i TORBA 91 x 20 cm za KLUPU \u010damca<\/p>\n<p class=\"\" data-start=\"35\" data-end=\"117\">Univerzalno za sve popre\u010dne klupe \u010damaca (gumenjaci, \u010dvrsti \u010damci, i drugi&#8230;)<\/p>\n<p class=\"\" data-start=\"119\" data-end=\"144\"><strong data-start=\"119\" data-end=\"144\">Dimenzije i zna\u010dajke:<\/strong><\/p>\n<ul data-start=\"146\" data-end=\"410\">\n<li class=\"\" data-start=\"146\" data-end=\"167\">\n<p class=\"\" data-start=\"148\" data-end=\"167\">Jastuk: 91 x 20 cm.<\/p>\n<\/li>\n<li class=\"\" data-start=\"168\" data-end=\"218\">\n<p class=\"\" data-start=\"170\" data-end=\"218\">Skinjava torbica sa zatvara\u010dem: 73 x 26 x 20 cm.<\/p>\n<\/li>\n<li class=\"\" data-start=\"219\" data-end=\"238\">\n<p class=\"\" data-start=\"221\" data-end=\"238\">3x povezna remena.<\/p>\n<\/li>\n<li class=\"\" data-start=\"239\" data-end=\"280\">\n<p class=\"\" data-start=\"241\" data-end=\"280\">Obrubljeni rubovi za ve\u0107u izdr\u017eljivost.<\/p>\n<\/li>\n<li class=\"\" data-start=\"281\" data-end=\"327\">\n<p class=\"\" data-start=\"283\" data-end=\"327\">Zamjenjivi jastuk za jednostavno odr\u017eavanje.<\/p>\n<\/li>\n<li class=\"\" data-start=\"328\" data-end=\"380\">\n<p class=\"\" data-start=\"330\" data-end=\"380\">3x zatvara\u010da za jednostavno otvaranje i zatvaranje.<\/p>\n<\/li>\n<li class=\"\" data-start=\"381\" data-end=\"410\">\n<p class=\"\" data-start=\"383\" data-end=\"410\">Remen za no\u0161enje i su\u0161enje.<\/p>\n<\/li>\n<\/ul>\n<p class=\"\" data-start=\"412\" data-end=\"430\"><strong data-start=\"412\" data-end=\"430\">Op\u0107e zna\u010dajke:<\/strong><\/p>\n<ul data-start=\"432\" data-end=\"625\">\n<li class=\"\" data-start=\"432\" data-end=\"526\">\n<p class=\"\" data-start=\"434\" data-end=\"526\">Boja: svijetlo siva, \u0161to doprinosi ve\u0107em odrazu sun\u010devih zraka i smanjenju vidljivosti soli.<\/p>\n<\/li>\n<li class=\"\" data-start=\"527\" data-end=\"625\">\n<p class=\"\" data-start=\"529\" data-end=\"625\">Namijenjena za udobno sjedenje i sigurno pohranjivanje dokumenata, pribora<\/p>\n<\/li>\n<\/ul>\n","protected":false},"excerpt":{"rendered":"<p><span class=\"taxinfo\">Uklju\u010duje 22 % PDV<\/span><\/p>\n<div class=\"deliverytime\">Vrijeme dostave: 1-3 radna dana<\/div>\n<div class=\"productweight\">Masa:\u00a0<span id=\"block_weight\">1 kg<\/span><\/div>\n","protected":false},"featured_media":18142,"template":"","meta":{"_acf_changed":false,"om_disable_all_campaigns":false,"_monsterinsights_skip_tracking":false,"_monsterinsights_sitenote_active":false,"_monsterinsights_sitenote_note":"","_monsterinsights_sitenote_category":0},"product_brand":[],"product_cat":[200,202],"product_tag":[],"class_list":{"0":"post-8067","1":"product","2":"type-product","3":"status-publish","4":"has-post-thumbnail","6":"product_cat-gumeni-camac-gumenjak","7":"product_cat-oprema-za-camce","9":"first","10":"outofstock","11":"sale","12":"taxable","13":"shipping-taxable","14":"purchasable","15":"product-type-simple"},"acf":[],"aioseo_notices":[],"_links":{"self":[{"href":"https:\/\/www.viamaresport.com\/hr\/wp-json\/wp\/v2\/product\/8067","targetHints":{"allow":["GET"]}}],"collection":[{"href":"https:\/\/www.viamaresport.com\/hr\/wp-json\/wp\/v2\/product"}],"about":[{"href":"https:\/\/www.viamaresport.com\/hr\/wp-json\/wp\/v2\/types\/product"}],"wp:featuredmedia":[{"embeddable":true,"href":"https:\/\/www.viamaresport.com\/hr\/wp-json\/wp\/v2\/media\/18142"}],"wp:attachment":[{"href":"https:\/\/www.viamaresport.com\/hr\/wp-json\/wp\/v2\/media?parent=8067"}],"wp:term":[{"taxonomy":"product_brand","embeddable":true,"href":"https:\/\/www.viamaresport.com\/hr\/wp-json\/wp\/v2\/product_brand?post=8067"},{"taxonomy":"product_cat","embeddable":true,"href":"https:\/\/www.viamaresport.com\/hr\/wp-json\/wp\/v2\/product_cat?post=8067"},{"taxonomy":"product_tag","embeddable":true,"href":"https:\/\/www.viamaresport.com\/hr\/wp-json\/wp\/v2\/product_tag?post=8067"}],"curies":[{"name":"wp","href":"https:\/\/api.w.org\/{rel}","templated":true}]}}