{"id":7904,"date":"2021-01-18T18:02:09","date_gmt":"2021-01-18T18:02:09","guid":{"rendered":"https:\/\/www.parsun.si\/izdelek\/izvenkrmni-motor-parsun-genovo-9-8km-4-takt-s-noga\/"},"modified":"2025-07-10T20:24:32","modified_gmt":"2025-07-10T20:24:32","slug":"vanbrodski-motor-parsun-f9-8-bms-kratka-noga-4-takt-dc-izlaz-12v-6a","status":"publish","type":"product","link":"https:\/\/www.viamaresport.com\/hr\/proizvod\/vanbrodski-motor-parsun-f9-8-bms-kratka-noga-4-takt-dc-izlaz-12v-6a\/","title":{"rendered":"VANBRODSKI MOTOR Parsun F9.8 BMS, kratka noga, 4-takt, DC izlaz 12V 6A"},"content":{"rendered":"<div><span style=\"color: #800080;\">PREUZIMANJE:\u00a0 Dostava u HR i zemlje EU<\/span><\/div>\n<div><span style=\"color: #339966;\">Cijena dostave vidna u korpi kad izaberete dr\u017eavu. Iskoristite na\u0161e niske cijene svje\u017eih proizvoda.<\/span><\/div>\n<p align=\"justify\"><span style=\"font-size: 14px;\"><strong><span style=\"color: #333399;\">PREMIUM KVALITET PO POVOLJNOJ CIJENI<\/span><\/strong><span style=\"color: #333399;\"> \u00a0<\/span><\/span><span style=\"font-size: 12px;\"><span style=\"color: #333399;\">(ENGINEERED in U.S.A.)<\/span><\/span><\/p>\n<p align=\"justify\"><strong>Parsun<\/strong> \u2013 premijum brend i jedan od najve\u0107ih proizvo\u0111a\u010da vanbrodskih motora na svijetu. PARSUN je poznat po inovativnim rje\u0161enjima, visokim standardima kvaliteta i tehnolo\u0161koj stru\u010dnosti. Vanbrodski motori dostupni su u razli\u010ditim veli\u010dinama, od manjih motora za rekreativnu upotrebu do sna\u017enijih motora za zahtjevne aplikacije. Ovi motori su dizajnirani da budu pouzdani, efikasni i jednostavni za kori\u0161tenje, nude\u0107i odli\u010dan omjer cijene i kvaliteta. Parsun tehnolo\u0161ki sara\u0111uje s japanskim proizvo\u0111a\u010dima vanbrodskih motora, pri \u010demu se ve\u0107ina njihovih motora proizvodi pod licencom YAMAHA i TOHATSU, koriste\u0107i kompatibilne komponente.<\/p>\n<h3 class=\"western\" align=\"justify\"><span style=\"color: #333399; font-size: 14px;\">Prednosti kupovine:<\/span><\/h3>\n<ul>\n<li>\n<p align=\"justify\">PARSUN vanbrodski motori testiraju se u fabrici prije isporuke i izra\u0111uju od najkvalitetnijih materijala za maksimalnu trajnost.<\/p>\n<\/li>\n<li>\n<p align=\"justify\">Prilago\u0111avanje Parsun motora kupljenih kod nas vremenskim uvjetima.<\/p>\n<\/li>\n<li>\n<p align=\"justify\">Robusni i tihi, uz udobno rukovanje.<\/p>\n<\/li>\n<li>\n<p align=\"justify\">Svake godine svje\u017e zalihe vanbrodskih motora.<\/p>\n<\/li>\n<\/ul>\n<h3 class=\"western\" align=\"justify\"><span style=\"color: #333399; font-size: 14px;\">Dodatne pogodnosti:<\/span><\/h3>\n<ul>\n<li>\n<p align=\"justify\">Nudimo najni\u017ee cijene za kvalitetan servis (specijalizovani za ISO standarde odabira materijala, instalaciju i odr\u017eavanje).<\/p>\n<\/li>\n<li>\n<p align=\"justify\">PARSUN uputstva dostupni na slovenskom, srpsko-hrvatskom ili engleskom jeziku!<\/p>\n<\/li>\n<li>\n<p align=\"justify\">Motori proizvedeni pod licencom <strong>YAMAHA\/TOHATSU<\/strong>.<\/p>\n<\/li>\n<li>\n<p align=\"justify\">Besplatna dostava unutar Slovenije za motore do 39 kg \/ li\u010dno preuzimanje \/ po dogovoru.<\/p>\n<\/li>\n<\/ul>\n<h3 class=\"western\" align=\"justify\"><span style=\"color: #333399; font-size: 14px;\">Redizajniran motor za vrhunsku pouzdanost:<\/span><\/h3>\n<p align=\"justify\">Redizajn kompaktnog i pouzdanog karburatorskog dvocilindarskog motora s CDI sistemom paljenja. Redizajnirani PARSUN \u010detverotaktni prijenosni vanbrodski motori sada nude ve\u0107u fleksibilnost i izdr\u017eljivost uz dokazanu tehnologiju visokog kvaliteta. Motor dolazi u karburatorskoj verziji, s CDI sistemom za lak\u0161e i sigurnije paljenje, termostatski kontrolisanim sistemom vodenog hla\u0111enja, ugradni spremnik ili kod ve\u0107ih modela sa 24-litarskim spremnikom za gorivo. Na spremnik se mo\u017ee dodatno ugraditi standardizovani separator goriva, koji osigurava bolju efikasnost i du\u017ei vijek trajanja motora.<\/p>\n<p align=\"justify\">Gas na ru\u010dici omogu\u0107ava jednostavno ru\u010dno upravljanje i sigurnost, uz opciju nadogradnje za daljinsko upravljanje, lagano mijenjanje brzina (naprijed-ler-nazad) te ru\u010dnu regulaciju nagiba motora tokom vo\u017enje. Motor ima ugra\u0111en sigurnosni priklju\u010dak za hitno ga\u0161enje, sistem za redukciju vibracija, za\u0161titu starta kod uklju\u010denog reduktora, pokaziva\u010d niskog nivoa ulja te alternator na 12V i 6A. Zavr\u0161na aluminijska obrada legura garantuje dugotrajnost i maksimalnu otpornost na koroziju izazvanu morskom vodom.<\/p>\n<blockquote>\n<p align=\"justify\">\n<\/blockquote>\n<p align=\"justify\"><strong>Opis:<\/strong><\/p>\n<ul>\n<li>Kompaktni i lagani sa prakti\u010dnom ru\u010dkom za no\u0161enje<\/li>\n<li>Posebno tih i u\u010dinkovit 4-taktni OHC motor<\/li>\n<li>Visokokvalitetna aluminijska legura za maksimalnu za\u0161titu od korozije<\/li>\n<li>Indikator niske razine ulja za ve\u0107u sigurnost<\/li>\n<li>Gas na ru\u010dici za jednostavno upravljanje i sigurnost<\/li>\n<li>Termostatski kontroliran sustav vodenog hla\u0111enja<\/li>\n<li>Sigurnosni priklju\u010dak sa zaustavljanjem motora u nu\u017edi<\/li>\n<li>Jednostavno naprijed-ler-nazad mijenjanje brzina<\/li>\n<li>Sustav redukcije vibracija<\/li>\n<li>Za\u0161tita starta kod uklju\u010denog reduktora<\/li>\n<li>Mogu\u0107a regulacija kormilarenja za lak\u0161e upravljanje<\/li>\n<li>CDI sistem paljenja za start bez gre\u0161ke<\/li>\n<li>Tiho funkcioniranje<\/li>\n<\/ul>\n<p>&nbsp;<\/p>\n<p><strong>Specifikacije:<\/strong><\/p>\n<table class=\"responsiveTable\">\n<tbody>\n<tr>\n<th>Du\u017eina<\/th>\n<td>965 mm<\/td>\n<\/tr>\n<tr>\n<th>\u0160irina<\/th>\n<td>364 mm<\/td>\n<\/tr>\n<tr>\n<th>Visina<\/th>\n<td>1039 mm<\/td>\n<\/tr>\n<tr>\n<th>Visina osovine<\/th>\n<td>381 mm<\/td>\n<\/tr>\n<tr>\n<th>Te\u017eina<\/th>\n<td>38 kg<\/td>\n<\/tr>\n<tr>\n<th>Okretaji(pun gas)<\/th>\n<td>5000-6000 okr\/min<\/td>\n<\/tr>\n<tr>\n<th>Maksimalna snaga<\/th>\n<td>7.2 (9.8)@5000 kw(HP)@okr\/min<\/td>\n<\/tr>\n<tr>\n<th>Okretaji(ler)<\/th>\n<td>900-1000 okr\/min<\/td>\n<\/tr>\n<tr>\n<th>Tip motora<\/th>\n<td>OHC<\/td>\n<\/tr>\n<tr>\n<th>Cilindri<\/th>\n<td>2<\/td>\n<\/tr>\n<tr>\n<th>Zapremina<\/th>\n<td>209 ccm<\/td>\n<\/tr>\n<tr>\n<th>Sistem paljenja<\/th>\n<td>CDI<\/td>\n<\/tr>\n<tr>\n<th>Sistem upravljanja<\/th>\n<td>ru\u010dno<\/td>\n<\/tr>\n<tr>\n<th>Sistem paljenja<\/th>\n<td>ru\u010dno<\/td>\n<\/tr>\n<tr>\n<th>Brzine<\/th>\n<td>naprijed\/ler\/nazad<\/td>\n<\/tr>\n<tr>\n<th>Omjeri brzina<\/th>\n<td>2.08(27\/13)<\/td>\n<\/tr>\n<tr>\n<th>Kapacitet spremnika goriva<\/th>\n<td>12 Litara<\/td>\n<\/tr>\n<tr>\n<th>Potro\u0161nja goriva(max.)<\/th>\n<td>3.4 lt.\/satu<\/td>\n<\/tr>\n<tr>\n<th>Koli\u010dna ulja u motoru<\/th>\n<td>0.8 Litre<\/td>\n<\/tr>\n<tr>\n<th>Koli\u010dna ulja u mjenja\u010du<\/th>\n<td>320 ccm<\/td>\n<\/tr>\n<\/tbody>\n<\/table>\n<p><span class=\"pdfdownload\"> <a href=\"\/wp-content\/uploads\/2019\/03\/parsun_F8_parts_catalogue.pdf\"><img loading=\"lazy\" decoding=\"async\" class=\"alignnone size-full wp-image-3427\" src=\"\/wp-content\/uploads\/2018\/12\/play.gif\" alt=\"\" width=\"40\" height=\"40\" \/>F9,8 Parsun &amp; Genovo \u2013 REZERVNI DELI\/REZERVNI DIJELOVI\/SPARE PARTS<\/a><\/span><\/p>\n<p>&nbsp;<\/p>\n<p><iframe loading=\"lazy\" src=\"https:\/\/www.youtube.com\/embed\/gy-FNc-sh6M\" width=\"100%\" height=\"400\" frameborder=\"0\" allowfullscreen=\"allowfullscreen\"><\/iframe><\/p>\n","protected":false},"excerpt":{"rendered":"<p><span class=\"taxinfo\">Uklju\u010duje 22 % PDV<\/span><\/p>\n<div class=\"deliverytime\">Vrijeme dostave: 1-3 radna dana<\/div>\n<div class=\"productweight\">Masa: <span id=\"block_weight\">46 kg<\/span><\/div>\n","protected":false},"featured_media":17398,"template":"","meta":{"_acf_changed":false,"om_disable_all_campaigns":false,"_monsterinsights_skip_tracking":false,"_monsterinsights_sitenote_active":false,"_monsterinsights_sitenote_note":"","_monsterinsights_sitenote_category":0},"product_brand":[],"product_cat":[207,220],"product_tag":[],"class_list":{"0":"post-7904","1":"product","2":"type-product","3":"status-publish","4":"has-post-thumbnail","6":"product_cat-vanbrodski-motor-2","7":"product_cat-vanbrodski-motori","9":"first","10":"instock","11":"sale","12":"taxable","13":"shipping-taxable","14":"purchasable","15":"product-type-simple"},"acf":[],"aioseo_notices":[],"_links":{"self":[{"href":"https:\/\/www.viamaresport.com\/hr\/wp-json\/wp\/v2\/product\/7904","targetHints":{"allow":["GET"]}}],"collection":[{"href":"https:\/\/www.viamaresport.com\/hr\/wp-json\/wp\/v2\/product"}],"about":[{"href":"https:\/\/www.viamaresport.com\/hr\/wp-json\/wp\/v2\/types\/product"}],"wp:featuredmedia":[{"embeddable":true,"href":"https:\/\/www.viamaresport.com\/hr\/wp-json\/wp\/v2\/media\/17398"}],"wp:attachment":[{"href":"https:\/\/www.viamaresport.com\/hr\/wp-json\/wp\/v2\/media?parent=7904"}],"wp:term":[{"taxonomy":"product_brand","embeddable":true,"href":"https:\/\/www.viamaresport.com\/hr\/wp-json\/wp\/v2\/product_brand?post=7904"},{"taxonomy":"product_cat","embeddable":true,"href":"https:\/\/www.viamaresport.com\/hr\/wp-json\/wp\/v2\/product_cat?post=7904"},{"taxonomy":"product_tag","embeddable":true,"href":"https:\/\/www.viamaresport.com\/hr\/wp-json\/wp\/v2\/product_tag?post=7904"}],"curies":[{"name":"wp","href":"https:\/\/api.w.org\/{rel}","templated":true}]}}