{"id":7742,"date":"2020-07-02T12:58:46","date_gmt":"2020-07-02T12:58:46","guid":{"rendered":"https:\/\/www.parsun.si\/izdelek\/nauticki-prijenosni-spremnik-za-gorivo-12-l-komplet-yamaha-parsun-honda-suzuki-tohatsu-mercury-mariner\/"},"modified":"2026-01-12T21:17:28","modified_gmt":"2026-01-12T21:17:28","slug":"prijenosni-nauticki-spremnik-rezervoar-12-l-za-gorivo-za-vanbrodski-motor-komplet-yamaha-parsun-honda-suzuki-tohatsu-mercury-mariner","status":"publish","type":"product","link":"https:\/\/www.viamaresport.com\/hr\/proizvod\/prijenosni-nauticki-spremnik-rezervoar-12-l-za-gorivo-za-vanbrodski-motor-komplet-yamaha-parsun-honda-suzuki-tohatsu-mercury-mariner\/","title":{"rendered":"12L Prijenosni, nauti\u010dki SPREMNIK \u2013 REZERVOAR za gorivo za vanbrodski motor \u2013 komplet (YAMAHA, PARSUN)"},"content":{"rendered":"<div><span style=\"color: #800080;\">PREUZIMANJE:\u00a0 Dostava u HR i zemlje EU<\/span><\/div>\n<div><span style=\"color: #339966;\">Cijena dostave vidna u korpi kad izaberete dr\u017eavu. Iskoristite na\u0161e niske cijene svje\u017eih proizvoda.<\/span><\/div>\n<div><\/div>\n<div><strong>PREMIUM izbor materiala<\/strong><\/div>\n<div>\u2013 nauti\u010dki spremnik za gorivo 12 L<\/div>\n<div>\u2013 jedinstveni spremnik za najzahtjevnije: <strong>s ugra\u0111enim mehani\u010dkim mjera\u010dem goriva<\/strong> + <strong>mesinganim priklju\u010dkom za spremnik<\/strong> +<strong> ultra mekanim crijevom s pumpicom<\/strong>,<strong> inox obujmicama i priklju\u010dkom<\/strong> YAMAHA \/ PARSUN na obe strane<\/div>\n<div>\u2013 kompatibilno s vanbrodskim motorom (YAMAHA, PARSUN) \u2013 za druge marke potrebno je samo dodatno kupiti 1\u00d7 odgovaraju\u0107i motorni priklju\u010dak<\/div>\n<div>\u2013 deblji materijal u odnosu na niskocjenovne spremnike (\u010dvrst, ne uvija se, polietilen otporan na UV)<\/div>\n<div>\u2013 dimenzije: D36 \u00d7 \u016026 \u00d7 V23 cm<\/div>\n<p>U KOMPLETU SAMO KOD NAS \u2013 NE GUBITE VRIJEME NA PRIKLJU\u010cKE I KOMPATIBILNOST.<!--EndFragment --><\/p>\n","protected":false},"excerpt":{"rendered":"<p><span class=\"taxinfo\">Uklju\u010duje 22 % PDV<\/span><\/p>\n<div class=\"deliverytime\">Vrijeme dostave: 1-3 radna dana<\/div>\n<div class=\"productweight\">Masa: <span id=\"block_weight\">2 kg<\/span><\/div>\n","protected":false},"featured_media":19766,"template":"","meta":{"_acf_changed":false,"om_disable_all_campaigns":false,"_monsterinsights_skip_tracking":false,"_monsterinsights_sitenote_active":false,"_monsterinsights_sitenote_note":"","_monsterinsights_sitenote_category":0},"product_brand":[],"product_cat":[200,202,207,206],"product_tag":[],"class_list":{"0":"post-7742","1":"product","2":"type-product","3":"status-publish","4":"has-post-thumbnail","6":"product_cat-gumeni-camac-gumenjak","7":"product_cat-oprema-za-camce","8":"product_cat-vanbrodski-motor-2","9":"product_cat-dodatna-oprema-za-motore","11":"first","12":"instock","13":"sale","14":"taxable","15":"shipping-taxable","16":"purchasable","17":"product-type-simple"},"acf":[],"aioseo_notices":[],"_links":{"self":[{"href":"https:\/\/www.viamaresport.com\/hr\/wp-json\/wp\/v2\/product\/7742","targetHints":{"allow":["GET"]}}],"collection":[{"href":"https:\/\/www.viamaresport.com\/hr\/wp-json\/wp\/v2\/product"}],"about":[{"href":"https:\/\/www.viamaresport.com\/hr\/wp-json\/wp\/v2\/types\/product"}],"wp:featuredmedia":[{"embeddable":true,"href":"https:\/\/www.viamaresport.com\/hr\/wp-json\/wp\/v2\/media\/19766"}],"wp:attachment":[{"href":"https:\/\/www.viamaresport.com\/hr\/wp-json\/wp\/v2\/media?parent=7742"}],"wp:term":[{"taxonomy":"product_brand","embeddable":true,"href":"https:\/\/www.viamaresport.com\/hr\/wp-json\/wp\/v2\/product_brand?post=7742"},{"taxonomy":"product_cat","embeddable":true,"href":"https:\/\/www.viamaresport.com\/hr\/wp-json\/wp\/v2\/product_cat?post=7742"},{"taxonomy":"product_tag","embeddable":true,"href":"https:\/\/www.viamaresport.com\/hr\/wp-json\/wp\/v2\/product_tag?post=7742"}],"curies":[{"name":"wp","href":"https:\/\/api.w.org\/{rel}","templated":true}]}}