{"id":7689,"date":"2024-04-18T18:00:52","date_gmt":"2021-03-26T19:05:53","guid":{"rendered":"https:\/\/www.parsun.si\/?post_type=product&#038;p=7689"},"modified":"2025-05-28T11:26:34","modified_gmt":"2025-05-28T11:26:34","slug":"prikolica-za-prevoz-camca-sklopljivo-kopija","status":"publish","type":"product","link":"https:\/\/www.viamaresport.com\/hr\/proizvod\/prikolica-za-prevoz-camca-sklopljivo-kopija\/","title":{"rendered":"STALAK za vanbrodski motor, sklopiva KOLICA za transport, max. 70 kg"},"content":{"rendered":"<p><strong>NAJNI\u017dA CIJENA<\/strong> u EU. Tradicija i kvalitet <strong><span style=\"color: #ff0000;\"><span style=\"color: #333399;\">VIAMARE<\/span><span style=\"color: #33cccc;\">sport<\/span><\/span><\/strong><\/p>\n<div><span style=\"color: #800080;\">PREUZIMANJE:\u00a0 Dostava u HR i zemlje EU<\/span><\/div>\n<div><span style=\"color: #339966;\">Cijena dostave vidna u korpi kad izaberete dr\u017eavu. Iskoristite na\u0161e niske cijene svje\u017eih proizvoda.<\/span><\/div>\n<p><img loading=\"lazy\" decoding=\"async\" class=\"alignnone wp-image-14012\" src=\"https:\/\/www.viamaresport.com\/wp-content\/uploads\/2020\/08\/Lowest-price-Parsun-Viamaresport-300x259.jpg\" alt=\"\" width=\"201\" height=\"173\" \/><\/p>\n<p>Stalak-kolica za vanbrodski motor:<\/p>\n<ul>\n<li>Idealan za transport, skladi\u0161tenje ili servis va\u0161eg vanbrodskog motora<\/li>\n<li>Nosivost 70 kg <span class=\"a-list-item\"> ( idealan za elektri\u010dne vanbrodske motore, benzinske 2.6 KS, 5 KS, 10\/15KS, 20\/25 KS)<\/span><\/li>\n<li>Idealno za motor sa kratkom i dugom nogom<\/li>\n<li>\u010cvrsti gumeni to\u010dkovi<\/li>\n<li>Udobno oblikovani gumeni dr\u017ea\u010di<\/li>\n<li>Vezna plo\u010da<\/li>\n<li>Izdr\u017eljiv i \u010dvrst 28 mm crni \u010deli\u010dni okvir, obra\u0111en EDC za\u0161titom od oksidacije<\/li>\n<li>Brzo sastavljiv i sklopiv<\/li>\n<li>U kompletu sa monta\u017enim priborom<\/li>\n<\/ul>\n","protected":false},"excerpt":{"rendered":"<p><span class=\"taxinfo\">Uklju\u010duje 22 % PDV<\/span><\/p>\n<div class=\"deliverytime\">Vrijeme dostave: 1-3 radna dana<\/div>\n<div class=\"productweight\">Masa:\u00a0<span id=\"block_weight\">10 kg<\/span><\/div>\n","protected":false},"featured_media":17496,"template":"","meta":{"_acf_changed":false,"om_disable_all_campaigns":false,"_monsterinsights_skip_tracking":false,"_monsterinsights_sitenote_active":false,"_monsterinsights_sitenote_note":"","_monsterinsights_sitenote_category":0},"product_brand":[],"product_cat":[202,207,206],"product_tag":[],"class_list":{"0":"post-7689","1":"product","2":"type-product","3":"status-publish","4":"has-post-thumbnail","6":"product_cat-oprema-za-camce","7":"product_cat-vanbrodski-motor-2","8":"product_cat-dodatna-oprema-za-motore","10":"first","11":"outofstock","12":"sale","13":"taxable","14":"shipping-taxable","15":"purchasable","16":"product-type-simple"},"acf":[],"aioseo_notices":[],"_links":{"self":[{"href":"https:\/\/www.viamaresport.com\/hr\/wp-json\/wp\/v2\/product\/7689","targetHints":{"allow":["GET"]}}],"collection":[{"href":"https:\/\/www.viamaresport.com\/hr\/wp-json\/wp\/v2\/product"}],"about":[{"href":"https:\/\/www.viamaresport.com\/hr\/wp-json\/wp\/v2\/types\/product"}],"wp:featuredmedia":[{"embeddable":true,"href":"https:\/\/www.viamaresport.com\/hr\/wp-json\/wp\/v2\/media\/17496"}],"wp:attachment":[{"href":"https:\/\/www.viamaresport.com\/hr\/wp-json\/wp\/v2\/media?parent=7689"}],"wp:term":[{"taxonomy":"product_brand","embeddable":true,"href":"https:\/\/www.viamaresport.com\/hr\/wp-json\/wp\/v2\/product_brand?post=7689"},{"taxonomy":"product_cat","embeddable":true,"href":"https:\/\/www.viamaresport.com\/hr\/wp-json\/wp\/v2\/product_cat?post=7689"},{"taxonomy":"product_tag","embeddable":true,"href":"https:\/\/www.viamaresport.com\/hr\/wp-json\/wp\/v2\/product_tag?post=7689"}],"curies":[{"name":"wp","href":"https:\/\/api.w.org\/{rel}","templated":true}]}}