{"id":7597,"date":"2021-08-18T18:00:01","date_gmt":"2021-08-18T18:00:01","guid":{"rendered":"https:\/\/www.parsun.si\/izdelek\/set-za-popravak-camca-gumenjaka-kajaka-sup-daske\/"},"modified":"2026-02-22T13:12:07","modified_gmt":"2026-02-22T13:12:07","slug":"2x-1-komponentno-ljepilo-2x-zakrpa-za-pvc-gumeni-camac-gumenjak-kajak-sup","status":"publish","type":"product","link":"https:\/\/www.viamaresport.com\/hr\/proizvod\/2x-1-komponentno-ljepilo-2x-zakrpa-za-pvc-gumeni-camac-gumenjak-kajak-sup\/","title":{"rendered":"2x 1-komponentno LJEPILO + 2x ZAKRPA za PVC gumeni \u010damac gumenjak, kajak, SUP"},"content":{"rendered":"<p>NAJNI\u017dA EU CIJENA<strong><br \/>\n<\/strong><\/p>\n<div><span style=\"color: #800080;\">PREUZIMANJE:\u00a0 Dostava u HR i zemlje EU<\/span><\/div>\n<div><span style=\"color: #339966;\">Cijena dostave vidna u korpi kad izaberete dr\u017eavu. Iskoristite na\u0161e niske cijene svje\u017eih proizvoda.<\/span><\/div>\n<div><\/div>\n<div>\n<hr class=\"\" data-start=\"62\" data-end=\"65\" \/>\n<p class=\"\" data-start=\"67\" data-end=\"290\"><strong data-start=\"70\" data-end=\"128\">UPUTSTVO ZA UPOTREBU LJEPILA ADECO ADEGRIP PVC (65 ml)<\/strong><br data-start=\"128\" data-end=\"131\" \/>1-komponentno poliuretansko ljepilo za popravku PVC \u010damaca i drugih PVC povr\u0161ina (kajaka, SUP dasaka i sli\u010dnih proizvoda gdje je potrebno 100% zaptivanje).<\/p>\n<hr class=\"\" data-start=\"292\" data-end=\"295\" \/>\n<p class=\"\" data-start=\"297\" data-end=\"309\"><strong data-start=\"297\" data-end=\"309\">SADR\u017dAJ:<\/strong><\/p>\n<ul data-start=\"311\" data-end=\"597\">\n<li class=\"\" data-start=\"311\" data-end=\"435\">\n<p class=\"\" data-start=\"313\" data-end=\"435\">2 x zakrpe\/flike dostupni u razli\u010ditim bojama (odaberite boju i napi\u0161ite napomenu u komentar prilikom narud\u017ebe)<\/p>\n<\/li>\n<li class=\"\" data-start=\"436\" data-end=\"481\">\n<p class=\"\" data-start=\"438\" data-end=\"481\">2 x po 65 ml ADEGRIP PVC ljepila (u tubi)<\/p>\n<\/li>\n<li class=\"\" data-start=\"482\" data-end=\"549\">\n<p class=\"\" data-start=\"484\" data-end=\"549\">Bez dodataka (nije prilo\u017een ni \u010dista\u010d, ni flasteri, ni \u010detkica)<\/p>\n<\/li>\n<li class=\"\" data-start=\"550\" data-end=\"597\">\n<p class=\"\" data-start=\"552\" data-end=\"597\">Rok trajanja u originalnoj ambala\u017ei: 5 godina<\/p>\n<\/li>\n<\/ul>\n<hr class=\"\" data-start=\"599\" data-end=\"602\" \/>\n<p class=\"\" data-start=\"604\" data-end=\"632\">\ufe0f <strong data-start=\"608\" data-end=\"632\">UPUTSTVO ZA UPOTREBU<\/strong><\/p>\n<h3 class=\"\" data-start=\"634\" data-end=\"648\">1. NAMJENA<\/h3>\n<p class=\"\" data-start=\"650\" data-end=\"942\">ADEGRIP PVC je 1-komponentno poliuretansko ljepilo posebno razvijeno za ljepljenje i popravku proizvoda od PVC materijala \u2013 kao \u0161to su \u010damci, kajaci, SUP daske, tende, cerade i sl.<br data-start=\"830\" data-end=\"833\" \/>Ljepilo stvara elasti\u010dnu, izdr\u017eljivu i vodootpornu vezu bez potrebe za dodatnim u\u010dvr\u0161\u0107iva\u010dem ili aktivatorom.<\/p>\n<hr class=\"\" data-start=\"944\" data-end=\"947\" \/>\n<h3 class=\"\" data-start=\"949\" data-end=\"973\">2. PRIPREMA POVR\u0160INE<\/h3>\n<p class=\"\" data-start=\"975\" data-end=\"1268\">Povr\u0161ine koje se lijepe moraju biti \u010diste, suhe i odma\u0161\u0107ene.<br data-start=\"1035\" data-end=\"1038\" \/>Preporu\u010duje se \u010di\u0161\u0107enje alkohom ili acetonom prije lijepljenja.<br data-start=\"1101\" data-end=\"1104\" \/>Za bolju vezu blago izbrusite povr\u0161inu vrlo finim brusnim papirom.<br data-start=\"1170\" data-end=\"1173\" \/>Po potrebi, ozna\u010dite mjesto lijepljenja hemijskom olovkom radi preciznijeg postavljanja zakrpe.<\/p>\n<hr class=\"\" data-start=\"1270\" data-end=\"1273\" \/>\n<h3 class=\"\" data-start=\"1275\" data-end=\"1299\">3. NANO\u0160ENJE LJEPILA<\/h3>\n<p class=\"\" data-start=\"1301\" data-end=\"1411\">1\ufe0f\u20e3 <strong data-start=\"1305\" data-end=\"1319\">Prvi sloj:<\/strong><br data-start=\"1319\" data-end=\"1322\" \/>Nanesite tanak sloj ljepila na o\u0161te\u0107eni dio proizvoda i ostavite da se su\u0161i oko 5 minuta.<\/p>\n<p class=\"\" data-start=\"1413\" data-end=\"1508\">2\ufe0f\u20e3 <strong data-start=\"1417\" data-end=\"1432\">Drugi sloj:<\/strong><br data-start=\"1432\" data-end=\"1435\" \/>Nanesite tanak sloj ljepila na zakrpu i ostavite da se su\u0161i oko 5 minuta.<\/p>\n<p class=\"\" data-start=\"1510\" data-end=\"1614\">3\ufe0f\u20e3 <strong data-start=\"1514\" data-end=\"1529\">Tre\u0107i sloj:<\/strong><br data-start=\"1529\" data-end=\"1532\" \/>Ponovo nanesite tanak sloj ljepila na zakrpu i ostavite 5\u201310 minuta da se prosu\u0161i.<\/p>\n<p class=\"\" data-start=\"1616\" data-end=\"1725\">Svi slojevi trebaju biti vrlo tanki kako bi se sprije\u010dilo razlivanje ljepila i omogu\u0107ilo kvalitetno spajanje.<\/p>\n<hr class=\"\" data-start=\"1727\" data-end=\"1730\" \/>\n<h3 class=\"\" data-start=\"1732\" data-end=\"1750\">4. LIJEPLJENJE<\/h3>\n<p class=\"\" data-start=\"1752\" data-end=\"1995\">Kada ljepilo postane ljepljivo na dodir (ne mokro), pa\u017eljivo poravnajte zakrpu s ozna\u010denim dijelom i \u010dvrsto pritisnite.<br data-start=\"1871\" data-end=\"1874\" \/>Izbacite zra\u010dne mjehuri\u0107e pritiskom iz sredine ka ivicama.<br data-start=\"1932\" data-end=\"1935\" \/>Za bolji pritisak koristite tvr\u0111i valjak ili gladak predmet.<\/p>\n<p class=\"\" data-start=\"1997\" data-end=\"2101\">Ako je potrebno, vi\u0161ak ljepila pa\u017eljivo uklonite maramicom i odgovaraju\u0107im rastvara\u010dem (npr. alkoholom).<\/p>\n<hr class=\"\" data-start=\"2103\" data-end=\"2106\" \/>\n<h3 class=\"\" data-start=\"2108\" data-end=\"2136\">5. SU\u0160ENJE \/ STVR\u0110AVANJE<\/h3>\n<p class=\"\" data-start=\"2138\" data-end=\"2326\">Zalijepljeni dio ostavite da miruje najmanje 24 sata prije napuhavanja ili optere\u0107enja proizvoda.<br data-start=\"2235\" data-end=\"2238\" \/>Potpuna \u010dvrsto\u0107a i vodootpornost se posti\u017eu nakon 72 sata su\u0161enja na sobnoj temperaturi.<\/p>\n<hr class=\"\" data-start=\"2328\" data-end=\"2331\" \/>\n<p class=\"\" data-start=\"2333\" data-end=\"2388\">\u26a0\ufe0f <strong data-start=\"2336\" data-end=\"2361\">SIGURNOSNA UPOZORENJA<\/strong><br data-start=\"2361\" data-end=\"2364\" \/><strong data-start=\"2364\" data-end=\"2388\">OPASNOST (H-izjave):<\/strong><\/p>\n<ul data-start=\"2390\" data-end=\"2598\">\n<li class=\"\" data-start=\"2390\" data-end=\"2440\">\n<p class=\"\" data-start=\"2392\" data-end=\"2440\">H225: Veoma lako zapaljiva te\u010dnost i isparenja<\/p>\n<\/li>\n<li class=\"\" data-start=\"2441\" data-end=\"2487\">\n<p class=\"\" data-start=\"2443\" data-end=\"2487\">H319: Uzrokuje ozbiljno nadra\u017eivanje o\u010diju<\/p>\n<\/li>\n<li class=\"\" data-start=\"2488\" data-end=\"2537\">\n<p class=\"\" data-start=\"2490\" data-end=\"2537\">H336: Mo\u017ee izazvati pospanost ili vrtoglavicu<\/p>\n<\/li>\n<li class=\"\" data-start=\"2538\" data-end=\"2598\">\n<p class=\"\" data-start=\"2540\" data-end=\"2598\">H412: \u0160tetno za vodeni svijet s dugotrajnim posljedicama<\/p>\n<\/li>\n<\/ul>\n<hr class=\"\" data-start=\"2600\" data-end=\"2603\" \/>\n<p class=\"\" data-start=\"2605\" data-end=\"2637\"><strong data-start=\"2605\" data-end=\"2637\">SIGURNOSNE MJERE (P-izjave):<\/strong><\/p>\n<ul data-start=\"2639\" data-end=\"3103\">\n<li class=\"\" data-start=\"2639\" data-end=\"2712\">\n<p class=\"\" data-start=\"2641\" data-end=\"2712\">P210: Dr\u017eati dalje od toplote, varnica, otvorenog plamena \u2013 ne pu\u0161iti<\/p>\n<\/li>\n<li class=\"\" data-start=\"2713\" data-end=\"2758\">\n<p class=\"\" data-start=\"2715\" data-end=\"2758\">P264: Temeljno oprati ruke nakon upotrebe<\/p>\n<\/li>\n<li class=\"\" data-start=\"2759\" data-end=\"2830\">\n<p class=\"\" data-start=\"2761\" data-end=\"2830\">P280: Nositi za\u0161titne rukavice, za\u0161titnu odje\u0107u, za\u0161tititi o\u010di\/lice<\/p>\n<\/li>\n<li class=\"\" data-start=\"2831\" data-end=\"2889\">\n<p class=\"\" data-start=\"2833\" data-end=\"2889\">P304 + P340: AKO SE UDI\u0160E: Izvesti osobu na svje\u017e zrak<\/p>\n<\/li>\n<li class=\"\" data-start=\"2890\" data-end=\"2968\">\n<p class=\"\" data-start=\"2892\" data-end=\"2968\">P312: Ako se osoba ne osje\u0107a dobro, pozvati CENTAR ZA TROVANJE ili ljekara<\/p>\n<\/li>\n<li class=\"\" data-start=\"2969\" data-end=\"3039\">\n<p class=\"\" data-start=\"2971\" data-end=\"3039\">P370 + P378: U slu\u010daju po\u017eara koristiti CO\u2082, prah ili vodenu maglu<\/p>\n<\/li>\n<li class=\"\" data-start=\"3040\" data-end=\"3103\">\n<p class=\"\" data-start=\"3042\" data-end=\"3103\">P501: Odlo\u017eiti sadr\u017eaj\/ambala\u017eu u skladu s lokalnim propisima<\/p>\n<\/li>\n<\/ul>\n<hr class=\"\" data-start=\"3105\" data-end=\"3108\" \/>\n<h3 class=\"\" data-start=\"3110\" data-end=\"3126\">SKLADI\u0160TENJE<\/h3>\n<ul data-start=\"3128\" data-end=\"3269\">\n<li class=\"\" data-start=\"3128\" data-end=\"3171\">\n<p class=\"\" data-start=\"3130\" data-end=\"3171\">\u010cuvati na sobnoj temperaturi (15\u201325 \u00b0C)<\/p>\n<\/li>\n<li class=\"\" data-start=\"3172\" data-end=\"3229\">\n<p class=\"\" data-start=\"3174\" data-end=\"3229\">Ne izlagati smrzavanju niti temperaturama iznad 40 \u00b0C<\/p>\n<\/li>\n<li class=\"\" data-start=\"3230\" data-end=\"3269\">\n<p class=\"\" data-start=\"3232\" data-end=\"3269\">Nakon upotrebe dobro zatvoriti tubu<\/p>\n<\/li>\n<\/ul>\n<hr class=\"\" data-start=\"3271\" data-end=\"3274\" \/>\n<p class=\"\" data-start=\"3276\" data-end=\"3454\">Preporu\u010dujemo isklju\u010divo upotrebu ovog profesionalnog ljepila renomiranog italijanskog proizvo\u0111a\u010da.<br data-start=\"3378\" data-end=\"3381\" \/>Kori\u0161tenje drugih ljepila mo\u017ee imati ozbiljne posljedice po va\u0161e plovilo.<\/p>\n<\/div>\n","protected":false},"excerpt":{"rendered":"<p><span class=\"taxinfo\">Uklju\u010duje 22 % PDV<\/span><\/p>\n<div class=\"deliverytime\">Vrijeme dostave: 1-3 radna dana<\/div>\n<div class=\"productweight\">Masa:\u00a0<span id=\"block_weight\">0,3 kg<\/span><\/div>\n","protected":false},"featured_media":18520,"template":"","meta":{"_acf_changed":false,"om_disable_all_campaigns":false,"_monsterinsights_skip_tracking":false,"_monsterinsights_sitenote_active":false,"_monsterinsights_sitenote_note":"","_monsterinsights_sitenote_category":0},"product_brand":[],"product_cat":[274,200,202,201,203,205,204],"product_tag":[],"class_list":{"0":"post-7597","1":"product","2":"type-product","3":"status-publish","4":"has-post-thumbnail","6":"product_cat-profesionalna-lepila-za-popravilo-colnov-gumenjakov-kajakov-kite-in-sup-desk-hr","7":"product_cat-gumeni-camac-gumenjak","8":"product_cat-oprema-za-camce","9":"product_cat-kajak-kanu","10":"product_cat-oprema-za-kajak-hr","11":"product_cat-sup-daska-na-napuhavanje-naduvavanje","12":"product_cat-oprema-za-sup","14":"first","15":"instock","16":"sale","17":"taxable","18":"shipping-taxable","19":"purchasable","20":"product-type-simple"},"acf":[],"aioseo_notices":[],"_links":{"self":[{"href":"https:\/\/www.viamaresport.com\/hr\/wp-json\/wp\/v2\/product\/7597","targetHints":{"allow":["GET"]}}],"collection":[{"href":"https:\/\/www.viamaresport.com\/hr\/wp-json\/wp\/v2\/product"}],"about":[{"href":"https:\/\/www.viamaresport.com\/hr\/wp-json\/wp\/v2\/types\/product"}],"wp:featuredmedia":[{"embeddable":true,"href":"https:\/\/www.viamaresport.com\/hr\/wp-json\/wp\/v2\/media\/18520"}],"wp:attachment":[{"href":"https:\/\/www.viamaresport.com\/hr\/wp-json\/wp\/v2\/media?parent=7597"}],"wp:term":[{"taxonomy":"product_brand","embeddable":true,"href":"https:\/\/www.viamaresport.com\/hr\/wp-json\/wp\/v2\/product_brand?post=7597"},{"taxonomy":"product_cat","embeddable":true,"href":"https:\/\/www.viamaresport.com\/hr\/wp-json\/wp\/v2\/product_cat?post=7597"},{"taxonomy":"product_tag","embeddable":true,"href":"https:\/\/www.viamaresport.com\/hr\/wp-json\/wp\/v2\/product_tag?post=7597"}],"curies":[{"name":"wp","href":"https:\/\/api.w.org\/{rel}","templated":true}]}}