{"id":19049,"date":"2025-07-03T18:49:39","date_gmt":"2025-07-03T18:49:40","guid":{"rendered":"https:\/\/www.viamaresport.com\/?post_type=product&#038;p=19049"},"modified":"2025-07-13T18:38:51","modified_gmt":"2025-07-13T18:38:51","slug":"vesla-za-camac-premium-aluminij-2x-1-par","status":"publish","type":"product","link":"https:\/\/www.viamaresport.com\/hr\/proizvod\/vesla-za-camac-premium-aluminij-2x-1-par\/","title":{"rendered":"VESLA za \u010damac, premium, aluminij (2x = 1 par)"},"content":{"rendered":"<div>\n<p data-start=\"43\" data-end=\"140\"><strong>NAJNI\u017dA CIJENA<\/strong> u EU.<\/p>\n<\/div>\n<div>\n<div><span style=\"color: #800080;\">PREUZIMANJE:\u00a0 Dostava u HR i zemlje EU<\/span><\/div>\n<div><span style=\"color: #339966;\">Cijena dostave vidna u korpi kad izaberete dr\u017eavu. Iskoristite na\u0161e niske cijene svje\u017eih proizvoda.<\/span><\/div>\n<p><img loading=\"lazy\" decoding=\"async\" class=\"alignnone wp-image-14012\" src=\"https:\/\/www.viamaresport.com\/wp-content\/uploads\/2020\/08\/Lowest-price-Parsun-Viamaresport-300x259.jpg\" alt=\"\" width=\"201\" height=\"173\" \/><\/p>\n<p data-start=\"43\" data-end=\"140\">VESLA aluminijska za \u010damac (2 kom = 1 par), du\u017eine 160 cm (prikladna za \u010damce od 250 do 390 cm)<br \/>\n\u2013 vesla za sve gumene \u010damce, univerzalna izvedba<br \/>\n\u2013 brzo sklopiva i rasklopiva, za jednostavno spremanje i transport u autu ili \u010damcu<br \/>\n\u2013 s rupom za jednostavno i brzo pri\u010dvr\u0161\u0107ivanje na nosa\u010d \u010damca<br \/>\n\u2013 laganim zamahom sna\u017eno pokre\u0107u \u010damac<br \/>\n\u2013 robusna, izra\u0111ena od anodiziranog aluminija<\/p>\n<\/div>\n","protected":false},"excerpt":{"rendered":"<p><span class=\"taxinfo\">Uklju\u010duje 22 % PDV<\/span><\/p>\n<div class=\"deliverytime\">Vrijeme dostave: 1-3 radna dana<\/div>\n<div class=\"productweight\">Masa: <span id=\"block_weight\">1 kg<\/span><\/div>\n","protected":false},"featured_media":19051,"template":"","meta":{"_acf_changed":false,"om_disable_all_campaigns":false,"_monsterinsights_skip_tracking":false,"_monsterinsights_sitenote_active":false,"_monsterinsights_sitenote_note":"","_monsterinsights_sitenote_category":0},"product_brand":[],"product_cat":[197,200,202],"product_tag":[],"class_list":{"0":"post-19049","1":"product","2":"type-product","3":"status-publish","4":"has-post-thumbnail","6":"product_cat-akcija","7":"product_cat-gumeni-camac-gumenjak","8":"product_cat-oprema-za-camce","10":"first","11":"instock","12":"sale","13":"taxable","14":"shipping-taxable","15":"purchasable","16":"product-type-simple"},"acf":[],"aioseo_notices":[],"_links":{"self":[{"href":"https:\/\/www.viamaresport.com\/hr\/wp-json\/wp\/v2\/product\/19049","targetHints":{"allow":["GET"]}}],"collection":[{"href":"https:\/\/www.viamaresport.com\/hr\/wp-json\/wp\/v2\/product"}],"about":[{"href":"https:\/\/www.viamaresport.com\/hr\/wp-json\/wp\/v2\/types\/product"}],"wp:featuredmedia":[{"embeddable":true,"href":"https:\/\/www.viamaresport.com\/hr\/wp-json\/wp\/v2\/media\/19051"}],"wp:attachment":[{"href":"https:\/\/www.viamaresport.com\/hr\/wp-json\/wp\/v2\/media?parent=19049"}],"wp:term":[{"taxonomy":"product_brand","embeddable":true,"href":"https:\/\/www.viamaresport.com\/hr\/wp-json\/wp\/v2\/product_brand?post=19049"},{"taxonomy":"product_cat","embeddable":true,"href":"https:\/\/www.viamaresport.com\/hr\/wp-json\/wp\/v2\/product_cat?post=19049"},{"taxonomy":"product_tag","embeddable":true,"href":"https:\/\/www.viamaresport.com\/hr\/wp-json\/wp\/v2\/product_tag?post=19049"}],"curies":[{"name":"wp","href":"https:\/\/api.w.org\/{rel}","templated":true}]}}