{"id":18983,"date":"2025-03-15T18:00:04","date_gmt":"2025-03-15T18:00:04","guid":{"rendered":"https:\/\/www.viamaresport.com\/?post_type=product&#038;p=18983"},"modified":"2026-03-31T20:38:59","modified_gmt":"2026-03-31T20:38:59","slug":"gumeni-camac-gumenjak-viamaresport-300-premium-carbon-alu-pod-c-kategorija-sklopivi-max-15ks","status":"publish","type":"product","link":"https:\/\/www.viamaresport.com\/hr\/proizvod\/gumeni-camac-gumenjak-viamaresport-300-premium-carbon-alu-pod-c-kategorija-sklopivi-max-15ks\/","title":{"rendered":"GUMENI \u010damac gumenjak VIAMAREsport 300, Premium Carbon, ALU pod, C-kategorija, sklopivi, max.15KS"},"content":{"rendered":"<div>\n<div><strong><span style=\"color: #ff0000;\">PONOVNO DOSTUPNO OD 04.\u201305.\/2026. <\/span><\/strong><span style=\"color: #ff0000;\">Zbog globalnih promjena novi rok isporuke planiran je izme\u0111u 10.aprila i 10. maja 2026. \u2013 preporu\u010dujemo prethodnu rezervaciju putem e\u2011po\u0161te, a kontaktirat \u0107emo vas odmah po isporuci. <\/span><span style=\"color: #ff0000;\">Zbog kriza i inflacije za 2026. godinu predvi\u0111ene su manje koli\u010dine u odnosu na prethodne godine, stoga nemojte odga\u0111ati. \u010camaca ne\u0107e biti dovoljno za 2026., a sljede\u0107a serija bit \u0107e jo\u0161 skuplja jer se materijali od 1. aprila 2026. poskupljuju (a\u017eurirani podatak globalnih lanaca, koji na nas za 2026. ne uti\u010de). <\/span><span style=\"color: #ff0000;\">Osim toga, turizam u HR i kod na\u0161ih susjeda ove \u0107e godine cvjetati, a \u010damaca ne\u0107e biti. \u017divot je samo jedan. Za razmislit.<\/span><\/div>\n<div><\/div>\n<div><strong>NAJNI\u017dA CIJENA u EU, NAJBOLJI KVALITET<\/strong> (prodajemo najbolje ili ni\u0161ta, vi\u0161e od -50% jeftinije, ograni\u010dena koli\u010dina).<\/div>\n<div><\/div>\n<div><span style=\"color: #800080;\">PREUZIMANJE:\u00a0 Dostava u HR i zemlje EU \/ skladi\u0161te Ljubljana SLO za exYU dr\u017eave (po dogovoru)<\/span><\/div>\n<div>\n<div><span style=\"color: #339966;\">Cijena dostave vidna u korpi kad izaberete dr\u017eavu. Iskoristite na\u0161e niske cijene svje\u017eih proizvoda.<\/span><\/div>\n<\/div>\n<\/div>\n<div><\/div>\n<div>\n<hr \/>\n<p><span style=\"font-size: 17px;\"><strong>Za\u0161to premium gumeni \u010damac gumenjak\u00a0 <span style=\"color: #333399;\">VIAMARE<\/span><span style=\"color: #3366ff;\">sport <\/span>?<\/strong><\/span><\/p>\n<ul>\n<li><span style=\"font-size: 17px;\"><strong data-start=\"34\" data-end=\"85\">Vrhunski kvalitet, ru\u010dna izrada &amp; kontrolisana proizvodnja<\/strong> \u2013 \u010camac je izra\u0111en od vi\u0161eslojnog materijala (jedinstven premium dizajn: <span style=\"color: #0000ff;\">premium materijali i ljepilo Henkel Loctite<\/span>), otporan na slanu vodu, mrlje od ulja i UV zra\u010denje. Ru\u010dno varen i ljepljen. Dupli oja\u010dani \u0161avovi. Osigurava dugu \u017eivotnu dobi i odli\u010dnu plovnost. Svaki detalj je pa\u017eljivo osmi\u0161ljen i to \u0107ete cijeniti tokom kori\u0161tenja. Ugra\u0111ujemo samo vrhunske materijale svjetskih proizvo\u0111a\u010da <img loading=\"lazy\" decoding=\"async\" class=\"alignnone wp-image-19910\" src=\"https:\/\/www.viamaresport.com\/wp-content\/uploads\/2025\/03\/EU-boat-material.jpg\" alt=\"\" width=\"30\" height=\"20\" \/> <img loading=\"lazy\" decoding=\"async\" class=\"alignnone wp-image-19913\" src=\"https:\/\/www.viamaresport.com\/wp-content\/uploads\/2025\/03\/German-schlauchboot-boat-material.jpg\" alt=\"\" width=\"33\" height=\"20\" \/> <img loading=\"lazy\" decoding=\"async\" class=\"alignnone wp-image-19916\" src=\"https:\/\/www.viamaresport.com\/wp-content\/uploads\/2025\/03\/South-Korea-boat-material.jpg\" alt=\"\" width=\"27\" height=\"20\" \/> <img loading=\"lazy\" decoding=\"async\" class=\"alignnone wp-image-19907\" src=\"https:\/\/www.viamaresport.com\/wp-content\/uploads\/2025\/03\/China-dinghy-boat-material.jpg\" alt=\"\" width=\"30\" height=\"20\" \/> <img loading=\"lazy\" decoding=\"async\" class=\"alignnone wp-image-19919\" src=\"https:\/\/www.viamaresport.com\/wp-content\/uploads\/2025\/03\/USA-boat-material.jpg\" alt=\"\" width=\"36\" height=\"20\" \/>, zahtijevamo preciznu proizvodnju i kontrolu svakog \u010damca prije nego \u0161to napusti proizvodnju. Visok kvalitet je obilje\u017eje brenda <strong><span style=\"color: #333399;\">VIAMARE<\/span><span style=\"color: #3366ff;\">sport<\/span><\/strong> i te\u0161ko ga je prona\u0107i drugdje.<\/span><\/li>\n<li><span style=\"font-size: 17px;\"><strong>Rijetkost:<\/strong> <span style=\"color: #0000ff;\">Dvostruko oja\u010dani vareni spojevi<\/span> i lijepljeni dodaci premium Henkel-Loctite ljepilom. Izra\u0111en s najboljim dodacima.<\/span><\/li>\n<li><span style=\"font-size: 17px;\"><strong>Bez kompromisa, <\/strong>nudimo samo najbolje ili ni\u0161ta, a po kvalitetu smo bolji od mnogih svjetskih proizvo\u0111a\u010da gumenjaka luksuzne klase preko 10 metara, iako smo vi\u0161estruko jeftiniji.<\/span><\/li>\n<li><span style=\"font-size: 17px;\"><strong data-start=\"647\" data-end=\"683\">Certifikat, HR garancija i upute<\/strong> \u2013 Uz kupnju \u0107ete dobiti originalni HR ra\u010dun, EU\/HR certifikat i SRB-HR-BIH-CG upute za upotrebu.<\/span><\/li>\n<li><span style=\"font-size: 17px;\"><strong data-start=\"766\" data-end=\"785\">Izuzetan <span style=\"color: #333399;\">VIAMARE<\/span><span style=\"color: #3366ff;\">sport<\/span> dizajn<\/strong> \u2013 Poseban dizajn i funkcionalan \u010damac za sportske aktivnosti i slobodno vrijeme, elegantnih boja. Zadovoljiti \u0107e sve va\u0161e potrebe.<\/span><\/li>\n<\/ul>\n<hr \/>\n<p><span style=\"font-size: 17px;\"><strong>Oprema visokog kvaliteta:<\/strong><\/span><\/p>\n<ul>\n<li><span style=\"font-size: 17px;\">Za detajle vidi slike \u010damca<\/span><\/li>\n<li><span style=\"font-size: 17px;\"><span style=\"color: #0000ff;\">Velik D oblik prednjeg nosa<\/span> za maksimalno iskori\u0161ten prostor, maksimalno podignut prednji nos \u010damca za manje prskanja vode i ve\u0107e valove\/talase (koriste samo najbolji svjetski \u010damci i 3x skuplji)<\/span><\/li>\n<li><span style=\"font-size: 17px;\">Sklopiv pod (Alu). Aluminijski brzo sklopiv pod sa letvicama (zavisno od modela: sa pri\u010dvr\u0161\u0107iva\u010dem za spremnik\/rezervoar).<\/span><\/li>\n<li><span style=\"font-size: 17px;\">Aluminij vesla sa dr\u017ea\u010dima i rotiraju\u0107om mekom glavom za udobno veslanje<\/span><\/li>\n<li><span style=\"font-size: 17px;\">Jedinstveni dizajn <strong><span style=\"color: #333399;\">VIAMARE<\/span><span style=\"color: #3366ff;\">sport<\/span><\/strong> (zavisno od modela: <span style=\"color: #0000ff;\">ovalni zavr\u0161etak tube<\/span><span style=\"color: #0000ff;\">, duplo oja\u010dane varene tube<\/span>, sigurnosni ventil, carbon design platno, bez konkurencije u svakom pogledu, uklju\u010duju\u0107i nevidljive detalje \u2013 napredna proizvodna metoda lepljenja &amp; zavarivanja)<\/span><\/li>\n<li><span style=\"font-size: 17px;\">Maksimalna dodatna oprema (zavisno od modela): dr\u017ea\u010d\/za\u0161tita za konopac sidra, prstenovi i mnoge ru\u010dke i konopci za jednostavno vezivanje, komfort dr\u017ea\u010di za vesla<\/span><\/li>\n<li><span style=\"font-size: 17px;\">Pumpa za napuhavanje i ispuhivanje (preporu\u010dujemo kupovinu na\u0161e univerzalne elektri\u010dne 12V pumpe <strong><span style=\"color: #333399;\">VIAMARE<\/span><span style=\"color: #3366ff;\">sport <\/span><\/strong>, kojom \u0107ete napumpati \u010damac za 5 minuta)<\/span><\/li>\n<li><span style=\"font-size: 17px;\">Set za krpanje bez ljepila, sa klju\u010dem za zamijenu ventila<\/span><\/li>\n<li><span style=\"font-size: 17px;\">1x aluminijska klupa, torba za \u010damac<\/span><\/li>\n<li><span style=\"font-size: 17px;\">Oja\u010dana i za\u0161ti\u0107ena krmena plo\u010da sa nepovratnim-drena\u017enim ventilom za ispu\u0161tanje vode, za\u0161titno platno protiv prskanja vode sa vijcima pri\u010dvr\u0161\u0107eno<\/span><\/li>\n<li><span style=\"font-size: 17px;\">Zra\u010dni sigurnostni ventil i meki Boston ventili<\/span><\/li>\n<\/ul>\n<hr \/>\n<p><span style=\"font-size: 17px;\"><strong>Dostava i preuzimanje:<\/strong><\/span><\/p>\n<ul>\n<li><strong>Dostava do 39 kg<\/strong> iznosi samo 10 eura (za ve\u0107e narud\u017ebe dodajte artikal u korpu i prikazat \u0107e se cijena dostave).<\/li>\n<li><span style=\"font-size: 17px;\">Mogu\u0107nost osobnog\/li\u010dnog preuzimanja skladi\u0161te Ljubljana (obavezna online narud\u017eba 24 sata unaprijed).<\/span><\/li>\n<\/ul>\n<hr \/>\n<p><span style=\"font-size: 17px;\"><strong>Dodatne informacije:<\/strong><\/span><\/p>\n<ul>\n<li><span style=\"font-size: 17px;\">NOVI MODEL \u2013 gumeni \u010damac je nov, u originalnom pakovanju.<\/span><\/li>\n<li><span style=\"font-size: 17px;\">Sjajna prilika! Veleprodajne cijene su izjedna\u010dene sa maloprodajnim.<\/span><\/li>\n<li><span style=\"font-size: 17px;\">Jedinstveni <strong><span style=\"color: #333399;\">VIAMARE<\/span><span style=\"color: #3366ff;\">sport<\/span><\/strong> dizajn.<\/span><\/li>\n<li><span style=\"font-size: 17px;\">Opcije vanbrodskih motora: Savr\u0161ena kombinacija sa Parsun benzinskim vanbrodskim motoroma ili <strong><span style=\"color: #333399;\">VIAMARE<\/span><span style=\"color: #3366ff;\">sport<\/span><\/strong> elektri\u010dnim (klik na VANBRODSKI MOTORI).<\/span><\/li>\n<li><span style=\"font-size: 17px;\">Izuzetno kvalitetan proizvod po super cijeni \u2013 do 50% ni\u017ea cena u odnosu na globalne konkurente.<\/span><\/li>\n<li><span style=\"font-size: 17px;\">Va\u0161a sigurnost, na\u0161 prioritet \u2013 kupujte sa povjerenjem i budite prvi vlasnik. Garancija, uputstva i certifikat.<\/span><\/li>\n<li><span style=\"font-size: 17px;\">Sigurnostno upozorenje: Ne precenjujte svoje sposobnosti.<\/span><\/li>\n<li><span style=\"font-size: 17px;\"><span style=\"color: #ff6600;\"><strong>&#x23f3; <\/strong>OGRANI\u010cENA ZALIHA<\/span> \u2013 Po\u017eurite, zalihe su ograni\u010dene! Vreme \u010dekanja: 60-90 dana.<\/span><\/li>\n<\/ul>\n<hr \/>\n<p><span style=\"font-size: 17px; color: #000000;\">Izaberite kvalitet bez kompromisa i postanite vlasnik premium gumenog \u010damca gumenjaka.<\/span><\/p>\n<p><span style=\"font-size: 17px; color: #333399;\">Za kupovinu \u010damca, izvr\u0161ite online narud\u017ebu sada \u2013 kliknite DODAJ U KORPU \u2013 i zapo\u010dnite svoju avanturu!<\/span><\/p>\n<hr \/>\n<p>&nbsp;<\/p>\n<\/div>\n","protected":false},"excerpt":{"rendered":"<p><span class=\"taxinfo\">Uklju\u010duje 22 % PDV<\/span><\/p>\n<div class=\"productweight\">Masa:\u00a0<span id=\"block_weight\">63 kg<\/span><\/div>\n","protected":false},"featured_media":16861,"template":"","meta":{"_acf_changed":false,"om_disable_all_campaigns":false,"_monsterinsights_skip_tracking":false,"_monsterinsights_sitenote_active":false,"_monsterinsights_sitenote_note":"","_monsterinsights_sitenote_category":0},"product_brand":[],"product_cat":[200,209],"product_tag":[],"class_list":{"0":"post-18983","1":"product","2":"type-product","3":"status-publish","4":"has-post-thumbnail","6":"product_cat-gumeni-camac-gumenjak","7":"product_cat-gumeni-camci-na-napuhavanje-naduvavanje","9":"first","10":"outofstock","11":"sale","12":"taxable","13":"shipping-taxable","14":"purchasable","15":"product-type-simple"},"acf":[],"aioseo_notices":[],"_links":{"self":[{"href":"https:\/\/www.viamaresport.com\/hr\/wp-json\/wp\/v2\/product\/18983","targetHints":{"allow":["GET"]}}],"collection":[{"href":"https:\/\/www.viamaresport.com\/hr\/wp-json\/wp\/v2\/product"}],"about":[{"href":"https:\/\/www.viamaresport.com\/hr\/wp-json\/wp\/v2\/types\/product"}],"wp:featuredmedia":[{"embeddable":true,"href":"https:\/\/www.viamaresport.com\/hr\/wp-json\/wp\/v2\/media\/16861"}],"wp:attachment":[{"href":"https:\/\/www.viamaresport.com\/hr\/wp-json\/wp\/v2\/media?parent=18983"}],"wp:term":[{"taxonomy":"product_brand","embeddable":true,"href":"https:\/\/www.viamaresport.com\/hr\/wp-json\/wp\/v2\/product_brand?post=18983"},{"taxonomy":"product_cat","embeddable":true,"href":"https:\/\/www.viamaresport.com\/hr\/wp-json\/wp\/v2\/product_cat?post=18983"},{"taxonomy":"product_tag","embeddable":true,"href":"https:\/\/www.viamaresport.com\/hr\/wp-json\/wp\/v2\/product_tag?post=18983"}],"curies":[{"name":"wp","href":"https:\/\/api.w.org\/{rel}","templated":true}]}}