{"id":17489,"date":"2025-02-01T23:33:36","date_gmt":"2025-02-01T23:33:36","guid":{"rendered":"https:\/\/www.viamaresport.com\/?post_type=product&#038;p=17489"},"modified":"2025-05-28T11:16:57","modified_gmt":"2025-05-28T11:16:57","slug":"kajak-kanu-dvosjed-viamaresport-430cm-full-drop-stitch-na-napuhavanje-naduvavanje","status":"publish","type":"product","link":"https:\/\/www.viamaresport.com\/hr\/proizvod\/kajak-kanu-dvosjed-viamaresport-430cm-full-drop-stitch-na-napuhavanje-naduvavanje\/","title":{"rendered":"KAJAK KANU dvosjed VIAMAREsport 430cm full Drop-Stitch, na napuhavanje\/naduvavanje"},"content":{"rendered":"<div class=\"jshop_prod_description\">\n<div><span style=\"color: #800080;\">PREUZIMANJE:\u00a0 Dostava u HR i zemlje EU<\/span><\/div>\n<div><span style=\"color: #339966;\">Cijena dostave vidna u korpi kad izaberete dr\u017eavu. Iskoristite na\u0161e niske cijene svje\u017eih proizvoda.<\/span><\/div>\n<p><strong><span id=\"result_box\"><span title=\"GUMENJAK 248x130x33cm, 2+1oseba, nosilnost 260kg, robustno napihljivo dno\">KAJAK-KANU dvosjed VIAMAREsport 430 cm, na napuhavanje\/naduvavanje, cijeli izra\u0111en sa Drop-Stitch tehnologijom pod \u2013 transport u svakom autu !<\/span><\/span><\/strong><\/p>\n<p>NAJNI\u017dA INTERNETNA CIJENA<span id=\"result_box\" class=\"long_text\"><span title=\"AKCIJSKA CENA: samo 299 EUR \u017ee z DDV !\">\u00a0(komplet oprema<\/span><\/span><span id=\"result_box\" class=\"long_text\"><span title=\"AKCIJSKA CENA: samo 299 EUR \u017ee z DDV !\">\u00a0i povrat PDV samo SRB\/BIH\/MK\/CG dr\u017eavljanima + EU firmama)!\u00a0<\/span><\/span>Va\u0161 tre\u0107i najve\u0107i uvoznik u EU, bez posrednika. Na\u0161e veleprodajne cijene su jednake maloprodajnim!<\/p>\n<div><span id=\"result_box\" class=\"long_text\"><span title=\"1.\">1.\u00a0<\/span><span title=\"NOV IN ORIG.ZAPAKIRAN\">NOV I ORIG.ZAPAKOVAN<br \/>\n<\/span><span title=\"2.\">2.\u00a0<\/span><\/span><span id=\"result_box\" class=\"long_text\"><span title=\"2.\">KOLI\u010cINA JE OGRANI\u010cENA<\/span><\/span><span id=\"result_box\" class=\"long_text\"><span title=\"LAHKO JE TUDI KOT POMO\u017dNI \u010cOLN, kot re\u0161ilni \u010doln, by boat\"><br \/>\n<\/span><span title=\"4.\">3. BRZO PUMPANJE \/ ISPUMPAVANJE<\/span><span title=\"ZARADI SVOJIH DIMENZIJ JE HITRO NAPIHLJIV: ro\u010dno 6min, z elektr.tla\u010dilko 3min\">: ru\u010dni 10min, sa elektr.pumpom 1min (pogledaj na\u0161u elektri\u010dnu pumpu VIAMAREsport)<br \/>\n<\/span><span title=\"5.\">4.\u00a0<\/span><span title=\"SLO GARANCIJA (z original ra\u010dunom!)\">GARANCIJA<\/span><span title=\"SLO NAVODILA - vodijo vas skozi najpomembnej\u0161e in enostavne to\u010dke\"><br \/>\n<\/span><span title=\"7.\">5.\u00a0<\/span><span title=\"DIMENZIJE GUMENJAKA 248x130x33cm, 5x zra\u010dni prekati\">DIMENZIJE\u00a0<\/span><\/span><span id=\"result_box\" class=\"long_text\"><span title=\"DIMENZIJE GUMENJAKA 360x170x44cm, 4x zra\u010dni prekati, napihljiva kobilica\">u tabeli<\/span><\/span><span id=\"result_box\" class=\"long_text\"><span title=\"DIMENZIJE GUMENJAKA 248x130x33cm, 5x zra\u010dni prekati\">, zra\u010dni\/vazdu\u0161ni Boston ventili,<br \/>\n<\/span><span title=\"8.\">6.\u00a0<\/span><span title=\"Prekrovno varjen na 4 povr\u0161inah in lepljen, 3 slojni material\">KONSTRUKCIJA:\u00a0 Varen i lijepljen, vi\u0161e slojni materijal<\/span><\/span><span id=\"result_box\" class=\"long_text\"><span title=\"Prekrovno varjen na 4 povr\u0161inah in lepljen, 3 slojni material\"><br \/>\n<\/span><span title=\"9.\">7.\u00a0<\/span><span title=\"VKLJU\u010cENA VSA DODATNA OPREMA (ALU vesla, tla\u010dilka-podtlak\/nadtlak, manometer oz. merilec tlaka,\">UKLJU\u010cENA DODATNA OPREMA (2x dupla vesla, torba, ru\u010dna pumpa, <\/span><\/span><span id=\"result_box\" class=\"long_text\"><span title=\"plastificirana deska, ALU zlo\u017eljivo dno, krmna deska oja\u010dana s kovino, nepovratni ventil za izpust vode...)\">peraje \u2013 kobilica, podesiva sjedi\u0161ta,&#8230;)<\/span><\/span><span id=\"result_box\" class=\"long_text\"><span title=\"Dimenzije paketa: 107x 53 x 26 cm, masa 29kg (odli\u010den za transport v najmanj\u0161em avtu)\"><br \/>\n<\/span><\/span><span id=\"result_box\" class=\"long_text\"><span title=\"11.\">8. <\/span><\/span><span id=\"result_box\" class=\"long_text\"><span title=\"PROFI KONSTRUKCIJA: extra oja\u010dana, odporen na slano vodo, oljne made\u017ee in UV\">PROFI DESIGN: extra oja\u010dan, otporan na slanu vodu, razli\u010dita ulja i UV\u00a0<\/span><\/span><span id=\"result_box\" class=\"long_text\"><span title=\"PROFI KONSTRUKCIJA: extra oja\u010dana, odporen na slano vodo, oljne made\u017ee in UV\">. Marine kvalitet!<\/span><\/span><\/div>\n<div>9. DOSTAVA i PREUZIMANJE (vi\u0161e na INFORMACIJE-DOSTAVA)<\/div>\n<div><\/div>\n<\/div>\n","protected":false},"excerpt":{"rendered":"<p><span class=\"taxinfo\">Uklju\u010duje 22 % PDV<\/span><\/p>\n<div class=\"deliverytime\">Vrijeme dostave: 1-3 radna dana<\/div>\n<div class=\"productweight\">Masa:\u00a0<span id=\"block_weight\">20 kg<\/span><\/div>\n","protected":false},"featured_media":17810,"template":"","meta":{"_acf_changed":false,"om_disable_all_campaigns":false,"_monsterinsights_skip_tracking":false,"_monsterinsights_sitenote_active":false,"_monsterinsights_sitenote_note":"","_monsterinsights_sitenote_category":0},"product_brand":[],"product_cat":[201,208],"product_tag":[],"class_list":{"0":"post-17489","1":"product","2":"type-product","3":"status-publish","4":"has-post-thumbnail","6":"product_cat-kajak-kanu","7":"product_cat-kajaci-i-kanuji-na-napuhavanje-naduvavanje","9":"first","10":"outofstock","11":"sale","12":"taxable","13":"shipping-taxable","14":"purchasable","15":"product-type-simple"},"acf":[],"aioseo_notices":[],"_links":{"self":[{"href":"https:\/\/www.viamaresport.com\/hr\/wp-json\/wp\/v2\/product\/17489","targetHints":{"allow":["GET"]}}],"collection":[{"href":"https:\/\/www.viamaresport.com\/hr\/wp-json\/wp\/v2\/product"}],"about":[{"href":"https:\/\/www.viamaresport.com\/hr\/wp-json\/wp\/v2\/types\/product"}],"wp:featuredmedia":[{"embeddable":true,"href":"https:\/\/www.viamaresport.com\/hr\/wp-json\/wp\/v2\/media\/17810"}],"wp:attachment":[{"href":"https:\/\/www.viamaresport.com\/hr\/wp-json\/wp\/v2\/media?parent=17489"}],"wp:term":[{"taxonomy":"product_brand","embeddable":true,"href":"https:\/\/www.viamaresport.com\/hr\/wp-json\/wp\/v2\/product_brand?post=17489"},{"taxonomy":"product_cat","embeddable":true,"href":"https:\/\/www.viamaresport.com\/hr\/wp-json\/wp\/v2\/product_cat?post=17489"},{"taxonomy":"product_tag","embeddable":true,"href":"https:\/\/www.viamaresport.com\/hr\/wp-json\/wp\/v2\/product_tag?post=17489"}],"curies":[{"name":"wp","href":"https:\/\/api.w.org\/{rel}","templated":true}]}}