{"id":17286,"date":"2024-11-16T19:00:16","date_gmt":"2024-11-16T19:00:16","guid":{"rendered":"https:\/\/www.parsun.si\/?post_type=product&#038;p=17286"},"modified":"2026-02-15T12:25:53","modified_gmt":"2026-02-15T12:25:53","slug":"sup-daska-viamaresport-premium-set-330x80x15cm-green-max-160kg-sklopivo-komplet","status":"publish","type":"product","link":"https:\/\/www.viamaresport.com\/hr\/proizvod\/sup-daska-viamaresport-premium-set-330x80x15cm-green-max-160kg-sklopivo-komplet\/","title":{"rendered":"SUP daska VIAMAREsport Premium SET 330x80x15cm, GREEN, max.160kg, sklopivo, KOMPLET"},"content":{"rendered":"<p><strong>NAJNI\u017dA CIJENA u EU, NAJBOLJI KVALITET<\/strong> (prodajemo najbolje ili ni\u0161ta, vi\u0161e od -50% jeftinije, ograni\u010dena koli\u010dina).<\/p>\n<p>PREMIUM proizvod <strong><span style=\"color: #ff0000;\"><span style=\"color: #99cc00;\"><span style=\"color: #333399;\">VIAMARE<\/span><span style=\"color: #33cccc;\">sport<\/span><\/span><\/span><\/strong> \u2013 OGRANI\u010cENA KOLI\u010cINA (dizajn, cijena, performanse bez konkurencije!).<\/p>\n<p>&nbsp;<\/p>\n<div><span style=\"color: #800080;\">PREUZIMANJE:\u00a0 Dostava u HR i zemlje EU<\/span><\/div>\n<div><span style=\"color: #339966;\">Cijena dostave vidna u korpi kad izaberete dr\u017eavu. Iskoristite na\u0161e niske cijene svje\u017eih proizvoda.<\/span><\/div>\n<p>Prekrasan izbor nje\u017enih boja za jadransko more, sol i sunce. Tradicija i kvalitet <strong><span style=\"color: #ff0000;\"><span style=\"color: #333399;\">VIAMARE<\/span><span style=\"color: #33cccc;\">sport<\/span><\/span><\/strong><\/p>\n<p><img loading=\"lazy\" decoding=\"async\" class=\"alignnone wp-image-14012\" src=\"https:\/\/www.viamaresport.com\/wp-content\/uploads\/2020\/08\/Lowest-price-Parsun-Viamaresport-300x259.jpg\" alt=\"\" width=\"218\" height=\"189\" \/><\/p>\n<p>\u2013 <span style=\"color: #000080;\">Redizajn unikatnih dimenzija:<\/span>\u00a0 <strong>330 x 80 x 15 cm<\/strong>, nosivost max. <b><strong>160 kg<\/strong><\/b><\/p>\n<p>\u2013 u elegantnoj boji i materijalima za vru\u0107 jadran &amp; mediteran<\/p>\n<p>\u2013 promi\u0161ljen svaki detalj, SUP daske dizajnirane su tako da se sol manje vidi i imaju bolju otpornost na UV. Elegantan i udoban oblik platna.<\/p>\n<p>\u2013 manje je vi\u0161e: brzo se napuhuju i sklapaju, bez nepotrebnih dodataka (\u010dipovi i elektromotori s baterijama itd., koje more dotraje ve\u0107 u 1 godini a i sami \u0161tetite okoli\u0161u opasnim otpadom koji zavr\u0161ava na dnu mora). Dizajnirane su tako da se na nosa\u010d smjernika mo\u017ee postaviti E-pogon (ne nudimo) ili montirati kajak sjedalo. Rekreirajte se i opu\u0161tajte u prirodi bez nepotrebnih dodataka (na kraju sve to treba isprati i oduzima vrijeme) i bez ovisnosti o tehnologiji.<\/p>\n<p>\u2013 sadr\u017eaj paketa:\u00a0<b><strong>SUP + veslo + torba + profesionalna pumpa <\/strong><\/b>sa manometrom<b><strong>, <\/strong><\/b>2+1 <b><strong>peraja\/smjernik, kit set<\/strong><\/b><\/p>\n<p>\u2013 <strong>vi\u0161eslojni PVC materijal <\/strong>jednostavan za popravljanje-lijepljenje &amp; <strong>Drop Stitch <\/strong>tehnologija (gusto rasporedjena struktura unutra\u0161njih malih poliesterskih konaca), dodatni PVC sloj na rubovih za pove\u0107ano izdr\u017eljivost,<\/p>\n<p>\u2013 boston dvosmjerni ventil, kaji\u0161i za pri\u010dvr\u0161\u0107ivanje,<\/p>\n<p>\u2013 neklize\u0107i EVA pod, debljina <b><strong>15 cm <\/strong><\/b>air-deck<\/p>\n<p>\u2013 dimenzije paketa u kutiji: 87 x 40 x 31 cm<\/p>\n<p>\u2013 SKLOPLJIVO U TORBI (jednostavan transport u autu\/kamperu\/plovilu zbog lagane te\u017eine do 11-13kg \u2013 zavisi od modela)<\/p>\n<p>\u2013 UNIVERZALNO:\u00a0 mo\u017ee nadomestiti\u00a0 va\u0161 pomo\u0107ni \u010damac + kajak + surf dasku &gt;&gt;&gt; + za zdravlje (joga), uz u\u010denje plivanja, za ribolov uz obalu, &#8230;<\/p>\n<p>\u2013 bez konkurencije, savr\u0161en kvalitet VIAMARE\/VIAMAREsport gledano na bilo koju konkurenciju <strong>(bez savijanja na vodi, dr\u017ei pravac zbog 3 peraja, zaljepljen na vodi i brz)<\/strong><\/p>\n<p>&nbsp;<\/p>\n<p><span style=\"color: #ff0000;\">ODABRANO \u2013 Bez konkurencije. Odli\u010dan kvalitet, jedinstveni dizajn <strong><span style=\"color: #99cc00;\"><span style=\"color: #333399;\">VIAMARE<\/span><span style=\"color: #33cccc;\">sport<\/span><\/span> <\/strong> (ru\u010dna izrada i ve\u0107a nosivnost) i najni\u017ea cijena u EU u odnosu na svjetske marke<\/span><\/p>\n<p>Najbolji SUP na napuavanje\/naduvavanje (komplet oprema i povrat PDV samo SRB\/BIH\/MK\/CG dr\u017eavljanima + EU firmama)!\u00a0 Na\u0161e veleprodajne cijene su jednake maloprodajnim!<\/p>\n<p>Na\u0161e SUP daske mo\u017eete dnevno vidjeti na Bledu, Portoro\u017eu, na EU rijekama i jezerima, Jadranu, SUP rent centri Greece, Montenegro, Dalmacija, Espana, Italia, &#8230;<\/p>\n<p>&nbsp;<\/p>\n<p><b><strong>Prednosti SUP-anja:<\/strong><\/b><\/p>\n<p>\u2013 brzo u\u010denje<\/p>\n<p>\u2013 jednostavno, zdravo i zabavno<\/p>\n<p>\u2013 sam, sa porodicom, sa dru\u0161tvom<\/p>\n<p>\u2013 koristi se na svim vodama, u svim godi\u0161njim dobima, umjesto pomo\u0107nog \u010damca, za jogu, takmi\u010denje, surfanje, pecanje riba,&#8230;<\/p>\n<p>&nbsp;<\/p>\n<p><b><strong>UPOTREBA: <\/strong><\/b>Stand Up Paddling je postao veliki svjetski hit. Jedni su u veslanju na dasci prona\u0161li ultimativni fitness u prirodi, drugi su prona\u0161li meditaciju u pokretu. Drugima je to putovanje od otoka do otoka,\u00a0 duge ture du\u017e obale ili jednostavno istra\u017eivanje uvala i pla\u017ea\u2026 SUP je daleko jednostavniji od bilo kojeg drugog oblika surfanja. Zbog toga je ovo sport za sve uzraste i bez obzira na fizi\u010dku kondiciju. Kad jednom uhvatite ravnote\u017eu shvatit \u0107ete da je to prekrasan na\u010din da istra\u017eite obalu ili putujete rijekom. Jednostavno opu\u0161teno plovite ili u isto vrijeme pristupite treningu na na\u010din da uhvatite ritam i trenirate ciljane grupe mi\u0161i\u0107a. Sve \u0107e mi\u0161i\u0107ne skupine istovremeno biti u pokretu, dok \u0107e ruke, prsa i le\u0111a raditi na zaveslaju, stopala, noge i trbu\u0161ni mi\u0161i\u0107i radit \u0107e na stabilizaciji daske. Sami \u0107ete odrediti ritam koji vam odgovora, brzo ili sporo, sna\u017eno ili lagano\u2026 U\u017eivajte jedan \u017eivot!<\/p>\n","protected":false},"excerpt":{"rendered":"<p><span class=\"taxinfo\">Uklju\u010duje 22 % PDV<\/span><\/p>\n<div class=\"deliverytime\">Vrijeme dostave: 1-3 radna dana<\/div>\n<div class=\"productweight\">Masa:\u00a0<span id=\"block_weight\">12 kg<\/span><\/div>\n","protected":false},"featured_media":19783,"template":"","meta":{"_acf_changed":false,"om_disable_all_campaigns":false,"_monsterinsights_skip_tracking":false,"_monsterinsights_sitenote_active":false,"_monsterinsights_sitenote_note":"","_monsterinsights_sitenote_category":0},"product_brand":[],"product_cat":[205,210],"product_tag":[],"class_list":{"0":"post-17286","1":"product","2":"type-product","3":"status-publish","4":"has-post-thumbnail","6":"product_cat-sup-daska-na-napuhavanje-naduvavanje","7":"product_cat-sup-daske-i-platforme-na-napuhavanje-2","9":"first","10":"instock","11":"sale","12":"taxable","13":"shipping-taxable","14":"purchasable","15":"product-type-simple"},"acf":[],"aioseo_notices":[],"_links":{"self":[{"href":"https:\/\/www.viamaresport.com\/hr\/wp-json\/wp\/v2\/product\/17286","targetHints":{"allow":["GET"]}}],"collection":[{"href":"https:\/\/www.viamaresport.com\/hr\/wp-json\/wp\/v2\/product"}],"about":[{"href":"https:\/\/www.viamaresport.com\/hr\/wp-json\/wp\/v2\/types\/product"}],"wp:featuredmedia":[{"embeddable":true,"href":"https:\/\/www.viamaresport.com\/hr\/wp-json\/wp\/v2\/media\/19783"}],"wp:attachment":[{"href":"https:\/\/www.viamaresport.com\/hr\/wp-json\/wp\/v2\/media?parent=17286"}],"wp:term":[{"taxonomy":"product_brand","embeddable":true,"href":"https:\/\/www.viamaresport.com\/hr\/wp-json\/wp\/v2\/product_brand?post=17286"},{"taxonomy":"product_cat","embeddable":true,"href":"https:\/\/www.viamaresport.com\/hr\/wp-json\/wp\/v2\/product_cat?post=17286"},{"taxonomy":"product_tag","embeddable":true,"href":"https:\/\/www.viamaresport.com\/hr\/wp-json\/wp\/v2\/product_tag?post=17286"}],"curies":[{"name":"wp","href":"https:\/\/api.w.org\/{rel}","templated":true}]}}