{"id":16136,"date":"2024-06-18T18:00:01","date_gmt":"2024-07-26T10:03:02","guid":{"rendered":"https:\/\/www.parsun.si\/?post_type=product&#038;p=16136"},"modified":"2025-05-28T11:00:33","modified_gmt":"2025-05-28T11:00:33","slug":"klupa-alu-daska-91cm-za-sjedenje-za-gumeni-camac-gumenjak-duzine-300-330-cm","status":"publish","type":"product","link":"https:\/\/www.viamaresport.com\/hr\/proizvod\/klupa-alu-daska-91cm-za-sjedenje-za-gumeni-camac-gumenjak-duzine-300-330-cm\/","title":{"rendered":"KLUPA ALU daska 91cm za sjedenje za gumeni \u010damac gumenjak du\u017eine 300 \u2013 330 cm"},"content":{"rendered":"<p>NISKA EU CIJENA<\/p>\n<div><span style=\"color: #800080;\">PREUZIMANJE:\u00a0 Dostava u HR i zemlje EU<\/span><\/div>\n<div>\n<div><span style=\"color: #339966;\">Cijena dostave vidna u korpi kad izaberete dr\u017eavu. Iskoristite na\u0161e niske cijene svje\u017eih proizvoda.<\/span><\/div>\n<div><\/div>\n<\/div>\n<p class=\"\" data-start=\"42\" data-end=\"84\"><strong data-start=\"42\" data-end=\"84\">KLOP \u2013 ALU daska \u2013 SJEDI\u0160TE za sjedenje na \u010damcu<\/strong><\/p>\n<ul data-start=\"86\" data-end=\"307\">\n<li class=\"\" data-start=\"86\" data-end=\"123\">\n<p class=\"\" data-start=\"88\" data-end=\"123\">Dimenzija ALU klupe\u00a091 x 20 cm<\/p>\n<\/li>\n<li class=\"\" data-start=\"124\" data-end=\"184\">\n<p class=\"\" data-start=\"126\" data-end=\"184\">Originalno za \u010damac gumenjak VIAMAREsport 300 \u2013 330 cm<\/p>\n<\/li>\n<li class=\"\" data-start=\"185\" data-end=\"307\">\n<p class=\"\" data-start=\"187\" data-end=\"307\">Prikladno i za druge gumenjake tih dimenzija s pri\u010dvr\u0161\u0107enjem na trak (pogledajte sliku), sli\u010dnih dimenzija +1\/-2 cm<\/p>\n<\/li>\n<\/ul>\n","protected":false},"excerpt":{"rendered":"<p>Aluminij<\/p>\n","protected":false},"featured_media":18074,"template":"","meta":{"_acf_changed":false,"om_disable_all_campaigns":false,"_monsterinsights_skip_tracking":false,"_monsterinsights_sitenote_active":false,"_monsterinsights_sitenote_note":"","_monsterinsights_sitenote_category":0},"product_brand":[],"product_cat":[200,202],"product_tag":[],"class_list":{"0":"post-16136","1":"product","2":"type-product","3":"status-publish","4":"has-post-thumbnail","6":"product_cat-gumeni-camac-gumenjak","7":"product_cat-oprema-za-camce","9":"first","10":"outofstock","11":"sale","12":"taxable","13":"shipping-taxable","14":"purchasable","15":"product-type-simple"},"acf":[],"aioseo_notices":[],"_links":{"self":[{"href":"https:\/\/www.viamaresport.com\/hr\/wp-json\/wp\/v2\/product\/16136","targetHints":{"allow":["GET"]}}],"collection":[{"href":"https:\/\/www.viamaresport.com\/hr\/wp-json\/wp\/v2\/product"}],"about":[{"href":"https:\/\/www.viamaresport.com\/hr\/wp-json\/wp\/v2\/types\/product"}],"wp:featuredmedia":[{"embeddable":true,"href":"https:\/\/www.viamaresport.com\/hr\/wp-json\/wp\/v2\/media\/18074"}],"wp:attachment":[{"href":"https:\/\/www.viamaresport.com\/hr\/wp-json\/wp\/v2\/media?parent=16136"}],"wp:term":[{"taxonomy":"product_brand","embeddable":true,"href":"https:\/\/www.viamaresport.com\/hr\/wp-json\/wp\/v2\/product_brand?post=16136"},{"taxonomy":"product_cat","embeddable":true,"href":"https:\/\/www.viamaresport.com\/hr\/wp-json\/wp\/v2\/product_cat?post=16136"},{"taxonomy":"product_tag","embeddable":true,"href":"https:\/\/www.viamaresport.com\/hr\/wp-json\/wp\/v2\/product_tag?post=16136"}],"curies":[{"name":"wp","href":"https:\/\/api.w.org\/{rel}","templated":true}]}}