{"id":14911,"date":"2024-04-18T18:00:22","date_gmt":"2024-04-03T23:02:22","guid":{"rendered":"https:\/\/www.parsun.si\/?post_type=product&#038;p=14911"},"modified":"2025-08-04T11:28:18","modified_gmt":"2025-08-04T11:28:18","slug":"kolica-kotaci-tockici-za-sup-dasku-alu-univerzalni","status":"publish","type":"product","link":"https:\/\/www.viamaresport.com\/hr\/proizvod\/kolica-kotaci-tockici-za-sup-dasku-alu-univerzalni\/","title":{"rendered":"KOLICA kota\u010di to\u010dki\u0107i za SUP dasku, ALU, univerzalni"},"content":{"rendered":"<p><strong>NAJNI\u017dA CIJENA<\/strong> u EU. Tradicija i kvalitet <strong><span style=\"color: #ff0000;\"><span style=\"color: #333399;\">VIAMARE<\/span><span style=\"color: #33cccc;\">sport<\/span><\/span><\/strong><\/p>\n<div><span style=\"color: #800080;\">PREUZIMANJE:\u00a0 Dostava u HR i zemlje EU<\/span><\/div>\n<div><span style=\"color: #339966;\">Cijena dostave vidna u korpi kad izaberete dr\u017eavu. Iskoristite na\u0161e niske cijene svje\u017eih proizvoda.<\/span><\/div>\n<p><img loading=\"lazy\" decoding=\"async\" class=\"alignnone wp-image-14012\" src=\"https:\/\/www.viamaresport.com\/wp-content\/uploads\/2020\/08\/Lowest-price-Parsun-Viamaresport-300x259.jpg\" alt=\"\" width=\"201\" height=\"173\" \/><\/p>\n<h3 data-start=\"53\" data-end=\"106\"><strong data-start=\"57\" data-end=\"104\">Univerzalna transportna kolica za SUP dasku.<\/strong><\/h3>\n<ul data-start=\"156\" data-end=\"745\">\n<li data-start=\"156\" data-end=\"344\">\n<p data-start=\"158\" data-end=\"344\">\u2705 <strong data-start=\"160\" data-end=\"201\">Optimalan polo\u017eaj za prevoz SUP daske<\/strong> \u2013 dizajn kolica omogu\u0107ava pravilnu raspodjelu te\u017eine i potpore, \u0161to smanjuje rizik od o\u0161te\u0107enja unutra\u0161njih struktura daske tokom transporta (ve\u0107ina kolica za kajak nije pogodna zbog prevoza SUP daske u le\u017ee\u0107em polo\u017eaju).<\/p>\n<\/li>\n<li data-start=\"345\" data-end=\"503\">\n<p data-start=\"347\" data-end=\"503\">\u2705 <strong data-start=\"349\" data-end=\"384\">Pogodno za sve vrste SUP dasaka<\/strong> \u2013 podesiva konstrukcija osigurava savr\u0161eno prijanjanje bez obzira na dimenzije ili tip daske<\/p>\n<\/li>\n<li data-start=\"504\" data-end=\"626\">\n<p data-start=\"506\" data-end=\"626\">\u2705 <strong data-start=\"508\" data-end=\"530\">Prenosiva i lagana<\/strong> \u2013 kolica se lako sklapaju i rasklapaju \u2013 idealna za transport u automobilu<\/p>\n<\/li>\n<li data-start=\"627\" data-end=\"745\">\n<p data-start=\"629\" data-end=\"745\">\u2705 <strong data-start=\"631\" data-end=\"672\">Izdr\u017eljiva aluminijumska konstrukcija<\/strong> \u2013 otporna na koroziju i pogodna za upotrebu u slatkoj ili slanoj vodi.<\/p>\n<\/li>\n<\/ul>\n<p data-start=\"747\" data-end=\"807\"><strong data-start=\"747\" data-end=\"807\">Savr\u0161eno rje\u0161enje za svakodnevne avanture sa SUP daskom!<\/strong><\/p>\n","protected":false},"excerpt":{"rendered":"<p><span class=\"taxinfo\">Uklju\u010duje 22 % PDV<\/span><\/p>\n<div class=\"deliverytime\">Vrijeme dostave: 1-3 radna dana<\/div>\n<div class=\"productweight\">Masa:\u00a0<span id=\"block_weight\">5 kg<\/span><\/div>\n","protected":false},"featured_media":14916,"template":"","meta":{"_acf_changed":false,"om_disable_all_campaigns":false,"_monsterinsights_skip_tracking":false,"_monsterinsights_sitenote_active":false,"_monsterinsights_sitenote_note":"","_monsterinsights_sitenote_category":0},"product_brand":[],"product_cat":[205,204],"product_tag":[],"class_list":{"0":"post-14911","1":"product","2":"type-product","3":"status-publish","4":"has-post-thumbnail","6":"product_cat-sup-daska-na-napuhavanje-naduvavanje","7":"product_cat-oprema-za-sup","9":"first","10":"outofstock","11":"sale","12":"taxable","13":"shipping-taxable","14":"purchasable","15":"product-type-simple"},"acf":[],"aioseo_notices":[],"_links":{"self":[{"href":"https:\/\/www.viamaresport.com\/hr\/wp-json\/wp\/v2\/product\/14911","targetHints":{"allow":["GET"]}}],"collection":[{"href":"https:\/\/www.viamaresport.com\/hr\/wp-json\/wp\/v2\/product"}],"about":[{"href":"https:\/\/www.viamaresport.com\/hr\/wp-json\/wp\/v2\/types\/product"}],"wp:featuredmedia":[{"embeddable":true,"href":"https:\/\/www.viamaresport.com\/hr\/wp-json\/wp\/v2\/media\/14916"}],"wp:attachment":[{"href":"https:\/\/www.viamaresport.com\/hr\/wp-json\/wp\/v2\/media?parent=14911"}],"wp:term":[{"taxonomy":"product_brand","embeddable":true,"href":"https:\/\/www.viamaresport.com\/hr\/wp-json\/wp\/v2\/product_brand?post=14911"},{"taxonomy":"product_cat","embeddable":true,"href":"https:\/\/www.viamaresport.com\/hr\/wp-json\/wp\/v2\/product_cat?post=14911"},{"taxonomy":"product_tag","embeddable":true,"href":"https:\/\/www.viamaresport.com\/hr\/wp-json\/wp\/v2\/product_tag?post=14911"}],"curies":[{"name":"wp","href":"https:\/\/api.w.org\/{rel}","templated":true}]}}