{"id":14686,"date":"2024-04-18T18:00:27","date_gmt":"2024-04-03T21:27:28","guid":{"rendered":"https:\/\/www.parsun.si\/?post_type=product&#038;p=14686"},"modified":"2025-09-02T20:56:57","modified_gmt":"2025-09-02T20:56:57","slug":"prikolica-mini-za-camac-nosivost-150kg-sklopiva-univerzalna","status":"publish","type":"product","link":"https:\/\/www.viamaresport.com\/hr\/proizvod\/prikolica-mini-za-camac-nosivost-150kg-sklopiva-univerzalna\/","title":{"rendered":"Prikolica mini za \u010damac, nosivost 150kg, sklopiva, univerzalna"},"content":{"rendered":"<p><strong>NAJNI\u017dA CIJENA<\/strong> u EU. Tradicija i kvalitet <strong><span style=\"color: #ff0000;\"><span style=\"color: #333399;\">VIAMARE<\/span><span style=\"color: #33cccc;\">sport<\/span><\/span><\/strong><\/p>\n<div><span style=\"color: #800080;\">PREUZIMANJE:\u00a0 Dostava u HR i zemlje EU<\/span><\/div>\n<div><span style=\"color: #339966;\">Cijena dostave vidna u korpi kad izaberete dr\u017eavu. Iskoristite na\u0161e niske cijene svje\u017eih proizvoda.<\/span><\/div>\n<p><img loading=\"lazy\" decoding=\"async\" class=\"alignnone wp-image-14012\" src=\"https:\/\/www.viamaresport.com\/wp-content\/uploads\/2020\/08\/Lowest-price-Parsun-Viamaresport-300x259.jpg\" alt=\"\" width=\"201\" height=\"173\" \/><\/p>\n<div>\u2013 mini prikolica unikatna <strong><span style=\"color: #ff0000;\"><span style=\"color: #333399;\">VIAMARE<\/span><span style=\"color: #33cccc;\">sport<\/span><\/span><\/strong> za transport prijevoz \u010damca du\u017eine 200-390 cm.<\/div>\n<div>\u2013 dimenzije sastavljene prikolice (cca. 3000 x 950 mm); mogu\u0107nost dodatnog produ\u017eenja uz nabavu dodatnog standardnog profila 30x30mm<\/div>\n<div>\u2013 sklopljiva prikolica (cca. 4 x 750 mm), najdu\u017ea stranica paketa 106 cm<\/div>\n<div>\u2013 masivna konstrukcija, proizvedeno po narud\u017ebi za VIAMAREsport \u2013 to\u010dki\u0107i sive boje, odabrani materiali, &#8230;<\/div>\n<div>\u2013 nosivost max.150 kg+<\/div>\n<div>\u2013 diameter to\u010dki\u0107a fi 390 x 110 mm (na naduvavanje)<\/div>\n<div>\u2013 komplet set, preporu\u010dujemo zamjenu boljih materiala vijka od medicinskog inox 316<\/div>\n<div>*Najjednostavnija prikolica za monta\u017eu, masivna.<\/div>\n","protected":false},"excerpt":{"rendered":"<p><span class=\"taxinfo\">Uklju\u010duje 22 % PDV<\/span><\/p>\n<div class=\"deliverytime\">Vrijeme dostave: 1-3 radna dana<\/div>\n<div class=\"productweight\">Masa:\u00a0<span id=\"block_weight\">19 kg<\/span><\/div>\n","protected":false},"featured_media":14881,"template":"","meta":{"_acf_changed":false,"om_disable_all_campaigns":false,"_monsterinsights_skip_tracking":false,"_monsterinsights_sitenote_active":false,"_monsterinsights_sitenote_note":"","_monsterinsights_sitenote_category":0},"product_brand":[],"product_cat":[200,202],"product_tag":[],"class_list":{"0":"post-14686","1":"product","2":"type-product","3":"status-publish","4":"has-post-thumbnail","6":"product_cat-gumeni-camac-gumenjak","7":"product_cat-oprema-za-camce","9":"first","10":"outofstock","11":"sale","12":"taxable","13":"shipping-taxable","14":"purchasable","15":"product-type-simple"},"acf":[],"aioseo_notices":[],"_links":{"self":[{"href":"https:\/\/www.viamaresport.com\/hr\/wp-json\/wp\/v2\/product\/14686","targetHints":{"allow":["GET"]}}],"collection":[{"href":"https:\/\/www.viamaresport.com\/hr\/wp-json\/wp\/v2\/product"}],"about":[{"href":"https:\/\/www.viamaresport.com\/hr\/wp-json\/wp\/v2\/types\/product"}],"wp:featuredmedia":[{"embeddable":true,"href":"https:\/\/www.viamaresport.com\/hr\/wp-json\/wp\/v2\/media\/14881"}],"wp:attachment":[{"href":"https:\/\/www.viamaresport.com\/hr\/wp-json\/wp\/v2\/media?parent=14686"}],"wp:term":[{"taxonomy":"product_brand","embeddable":true,"href":"https:\/\/www.viamaresport.com\/hr\/wp-json\/wp\/v2\/product_brand?post=14686"},{"taxonomy":"product_cat","embeddable":true,"href":"https:\/\/www.viamaresport.com\/hr\/wp-json\/wp\/v2\/product_cat?post=14686"},{"taxonomy":"product_tag","embeddable":true,"href":"https:\/\/www.viamaresport.com\/hr\/wp-json\/wp\/v2\/product_tag?post=14686"}],"curies":[{"name":"wp","href":"https:\/\/api.w.org\/{rel}","templated":true}]}}