{"id":14098,"date":"2024-11-16T20:00:42","date_gmt":"2024-11-16T20:00:42","guid":{"rendered":"https:\/\/www.parsun.si\/?post_type=product&#038;p=14098"},"modified":"2025-08-14T18:19:24","modified_gmt":"2025-08-14T18:19:24","slug":"platforma-plutajuca-daska-airmat-ponton-viamaresport-280kg-250x160cm-siva","status":"publish","type":"product","link":"https:\/\/www.viamaresport.com\/hr\/proizvod\/platforma-plutajuca-daska-airmat-ponton-viamaresport-280kg-250x160cm-siva\/","title":{"rendered":"PLATFORMA plutaju\u0107a daska airmat ponton 280kg+, 250x160cm (siva)"},"content":{"rendered":"<div>\n<p><strong>NAJNI\u017dA CIJENA u EU, NAJBOLJI KVALITET<\/strong> (prodajemo najbolje ili ni\u0161ta, vi\u0161e od -50% jeftinije, ograni\u010dena koli\u010dina).<\/p>\n<p>Premium proizvod <strong><span style=\"color: #ff0000;\"><span style=\"color: #99cc00;\"><span style=\"color: #333399;\">VIAMARE<\/span><span style=\"color: #33cccc;\">sport<\/span><\/span><\/span><\/strong> \u2013 OGRANI\u010cENA KOLI\u010cINA (dizajn, cijena, performanse bez konkurencije!).<\/p>\n<p>&nbsp;<\/p>\n<div><span style=\"color: #800080;\">PREUZIMANJE:\u00a0 Dostava u HR i zemlje EU<\/span><\/div>\n<div><span style=\"color: #339966;\">Cijena dostave vidna u korpi kad izaberete dr\u017eavu. Iskoristite na\u0161e niske cijene svje\u017eih proizvoda.<\/span><\/div>\n<p>Prekrasan izbor nje\u017enih boja za jadransko more, sol i sunce. Tradicija i kvalitet <strong><span style=\"color: #ff0000;\"><span style=\"color: #333399;\">VIAMARE<\/span><span style=\"color: #33cccc;\">sport<\/span><\/span><\/strong><\/p>\n<p><img loading=\"lazy\" decoding=\"async\" class=\"alignnone wp-image-14012\" src=\"https:\/\/www.viamaresport.com\/wp-content\/uploads\/2020\/08\/Lowest-price-Parsun-Viamaresport-300x259.jpg\" alt=\"\" width=\"218\" height=\"189\" \/><\/p>\n<\/div>\n<ol>\n<li>V najbolja, najpovoljnija, na naduvavanje, sklopiva, udobna i \u010dvrsta plutaju\u0107a platforma, ponton:<\/li>\n<\/ol>\n<p>\u2013 250 x 160 x 15 cm, nosivost max. 280+ kg (\u010dak i na 10 PSI je \u010dvrsta konstrukcija, maks. dozvoljeni pritisak do 15 PSI)<\/p>\n<p>\u2013 sadr\u017eaj paketa: vre\u0107ica + kompresor zraka sa manometrom<\/p>\n<p>\u2013 vi\u0161eslojni PVC materijal, Drop Stitch tehnologija, gusto rasporedjena struktura unutra\u0161njih malih poliesterskih konaca, dodatni PVC sloj na rubovih za pove\u0107ano izdr\u017eljivost,<\/p>\n<p>\u2013 1 x Boston dvosmjerni ventil, 4 x prsten za vezivanje i 6 x ru\u010dka za lako no\u0161enje<\/p>\n<p>\u2013 neklizaju\u0107i EVA pod, zra\u010dna paluba od 15 cm<\/p>\n<p>\u2013 elegantne sive boje, savr\u0161ena za sunce i slanu vodu<\/p>\n<p>\u2013 dimenzije pakovanja: <strong>90 x 37 x 25 cm<\/strong>, neto te\u017eina 12 kg<\/p>\n<p>\u2013 SKLOPIVO u torbi (jednostavan transport u automobilu\/auto-domu-kamperu\/plovilu)<\/p>\n<p>&nbsp;<\/p>\n<p><strong>UPOTREBA:<br \/>\n<\/strong>\u2013 Mogu\u0107nost bavljenja jogom i drugim sportskim aktivnostima.<br \/>\n\u2013 Pove\u0107ajte svoju povr\u0161inu za odmor i spavanje na \u010damcu, jahti, jedrilici, pored jet skija i drugih plovila.<br \/>\n\u2013 Savr\u0161eno za sun\u010danje, dnevni odmor i opu\u0161tanje na vodi.<\/p>\n<p><strong>PREDNOSTI:<\/strong><br \/>\n\u2013 lako, zdravo i zabavno<br \/>\n\u2013 sami, sa porodicom ili sa dru\u0161tvom<br \/>\n\u2013 na svim vodenim povr\u0161inama<\/p>\n<p>&nbsp;<\/p>\n<p><span style=\"color: #ff0000; font-size: 13px;\">ODABRANO \u2013 Bez konkurencije. Odli\u010dan kvalitet, jedinstveni dizajn <strong><span style=\"color: #99cc00;\"><span style=\"color: #333399;\">VIAMARE<\/span><span style=\"color: #33cccc;\">sport<\/span><\/span> <\/strong> (ru\u010dna izrada i ve\u0107a nosivnost) i najni\u017ea cijena u EU u odnosu na svjetske marke koje se proizvode istom proizvodnom procesu \/ na proizvodnoj liniji.<\/span><\/p>\n<p><span style=\"font-size: 13px;\">ODLI\u010cAN KVALITET ZA NAJNI\u017dU CIJENU (kompletna oprema i sa PDV-om) + SLO garancija! Na\u0161e veleprodajne cijene su iste kao i maloprodajne! VA\u0160A SIGURNOST, NA\u0160A BRIGA \u2013 kupujte sa ra\u010dunom i najjeftinije, budite 1. vlasnik!<\/span><\/p>\n<p>&nbsp;<\/p>\n<p>&nbsp;<\/p>\n","protected":false},"excerpt":{"rendered":"<p><span class=\"taxinfo\">Uklju\u010duje 22 % PDV<\/span><\/p>\n<div class=\"deliverytime\">Vrijeme dostave: 1-3 radna dana<\/div>\n<div class=\"productweight\">Masa:\u00a0<span id=\"block_weight\">18 kg<\/span><\/div>\n","protected":false},"featured_media":18090,"template":"","meta":{"_acf_changed":false,"om_disable_all_campaigns":false,"_monsterinsights_skip_tracking":false,"_monsterinsights_sitenote_active":false,"_monsterinsights_sitenote_note":"","_monsterinsights_sitenote_category":0},"product_brand":[],"product_cat":[199,200,209,205,210],"product_tag":[],"class_list":{"0":"post-14098","1":"product","2":"type-product","3":"status-publish","4":"has-post-thumbnail","6":"product_cat-outdoor-korvni-sator-za-automobil-bazen-solarni-tus","7":"product_cat-gumeni-camac-gumenjak","8":"product_cat-gumeni-camci-na-napuhavanje-naduvavanje","9":"product_cat-sup-daska-na-napuhavanje-naduvavanje","10":"product_cat-sup-daske-i-platforme-na-napuhavanje-2","12":"first","13":"outofstock","14":"sale","15":"taxable","16":"shipping-taxable","17":"purchasable","18":"product-type-simple"},"acf":[],"aioseo_notices":[],"_links":{"self":[{"href":"https:\/\/www.viamaresport.com\/hr\/wp-json\/wp\/v2\/product\/14098","targetHints":{"allow":["GET"]}}],"collection":[{"href":"https:\/\/www.viamaresport.com\/hr\/wp-json\/wp\/v2\/product"}],"about":[{"href":"https:\/\/www.viamaresport.com\/hr\/wp-json\/wp\/v2\/types\/product"}],"wp:featuredmedia":[{"embeddable":true,"href":"https:\/\/www.viamaresport.com\/hr\/wp-json\/wp\/v2\/media\/18090"}],"wp:attachment":[{"href":"https:\/\/www.viamaresport.com\/hr\/wp-json\/wp\/v2\/media?parent=14098"}],"wp:term":[{"taxonomy":"product_brand","embeddable":true,"href":"https:\/\/www.viamaresport.com\/hr\/wp-json\/wp\/v2\/product_brand?post=14098"},{"taxonomy":"product_cat","embeddable":true,"href":"https:\/\/www.viamaresport.com\/hr\/wp-json\/wp\/v2\/product_cat?post=14098"},{"taxonomy":"product_tag","embeddable":true,"href":"https:\/\/www.viamaresport.com\/hr\/wp-json\/wp\/v2\/product_tag?post=14098"}],"curies":[{"name":"wp","href":"https:\/\/api.w.org\/{rel}","templated":true}]}}