{"id":13728,"date":"2025-11-27T18:00:21","date_gmt":"2025-11-27T18:00:21","guid":{"rendered":"https:\/\/www.parsun.si\/?post_type=product&#038;p=13728"},"modified":"2026-04-16T12:55:37","modified_gmt":"2026-04-16T12:55:37","slug":"krovni-sator-za-automobil-kombi-vozilo-viamaresport-v64-ocean-premium-za-2-4-osobe","status":"publish","type":"product","link":"https:\/\/www.viamaresport.com\/hr\/proizvod\/krovni-sator-za-automobil-kombi-vozilo-viamaresport-v64-ocean-premium-za-2-4-osobe\/","title":{"rendered":"KROVNI \u0161ator za automobil kombi vozilo (VIAMAREsport V64 OCEAN premium, za 2-4 osobe)"},"content":{"rendered":"<div>\n<p>KROVNI Premium \u0160ATOR <strong><span style=\"color: #333399;\">VIAMARE<\/span><\/strong><span style=\"color: #33cccc;\"><strong>sport <\/strong><\/span>V64, za auto-kombi-terensko vozilo, zgodan i udoban<\/p>\n<p><strong>NAJNI\u017dA CIJENA u EU, NAJBOLJI KVALITET<\/strong> (prodajemo najbolje ili ni\u0161ta, vi\u0161e od -50% jeftinije, ograni\u010dena koli\u010dina).<\/p>\n<p><span style=\"color: #ff0000;\"><strong><span style=\"color: #333399;\">VIAMARE<\/span><\/strong><span style=\"color: #33cccc;\"><strong>sport<\/strong><\/span><span style=\"color: #339966;\"> \u0161atore izra\u0111ujemo ru\u010dno, posebno za vas, namjerno u manjim koli\u010dinama, s najboljim materijalima i uvijek sa svje\u017eom proizvodnjom \u2013 bez zaliha). Takvu kvalitetu krovnog \u0161atora ne\u0107ete na\u0107i nigdje u EU ispod 2000 EUR. Osim ako kupujete krovni \u0161ator \u2013 samo da je \u0161ator.<\/span><\/span><\/p>\n<p><span style=\"color: #800080;\">!!! NOVI MODEL !!! Vrhunski ru\u010dni rad i odabrani materiali. <\/span><span style=\"color: #800080;\">Mo\u017ee se sastaviti i rastaviti za 5 minuta. <\/span><span style=\"color: #800080;\">Pogledate detalje vrhunskog, univerzalnog krovnog \u0161atora na vi\u0161e od 30 slika.<\/span><\/p>\n<\/div>\n<div>\n<div><span style=\"color: #800080;\">PREUZIMANJE:\u00a0 Dostava u HR i zemlje EU \/ skladi\u0161te Ljubljana (SLO)<\/span><\/div>\n<div><span style=\"color: #339966;\">Cijena dostave vidna u korpi kad izaberete dr\u017eavu. Iskoristite na\u0161e niske cijene svje\u017eih proizvoda.<\/span><\/div>\n<\/div>\n<p><img loading=\"lazy\" decoding=\"async\" class=\"alignnone wp-image-14014\" src=\"https:\/\/www.viamaresport.com\/wp-content\/uploads\/2020\/08\/Lowest-price-Parsun-Viamaresport-300x259.jpg\" alt=\"\" width=\"243\" height=\"210\" \/><\/p>\n<p style=\"text-align: left;\"><strong data-start=\"235\" data-end=\"273\">PREMIUM IZVEDBA za najbolju cijenu<\/strong> \u2013 elegancija (bo\u010dni prozori bez ugra\u0111enih \u0161ipki za samo-otvaranje\/zatvaranje, unutra\u0161nje ALU \u0161ipke nisu vidljive s vanjske strane jer se simetri\u010dno prilago\u0111avaju \u0161avovima). Jedini model \u0161atora koji vas najbolje \u0161titi od vjetra, sunca, a istovremeno nudi izvanrednu prozra\u010dnost. Odabrani najkvalitetniji eloksirani ALU okvir, \u0161ipke i ljestva. Ne \u0161tedimo na materijalima, biramo samo najbolje (predimenzionirano: robusniji ALU profili za ve\u0107u nosivost, tkanine s vi\u0161im vodootpornim stupcem i ve\u0107om te\u017einom). Vi\u0161a kvaliteta, izrada i pa\u017eljivo birani detalji u korist korisnika. Ovaj krovni \u0161ator nudi daleko vi\u0161e uporedljivo s svjetskom konkurencijom najpresti\u017enijih proizvo\u0111a\u010da. Cerada je izra\u0111ena od vrlo mekane, ali robusne vodootporne tkanine. Uklonjive mre\u017ee protiv komaraca i sjenila s mogu\u0107no\u0161\u0107u zatvaranja svih otvora (ki\u0161a, vjetar). Jedini model krovnog \u0161atora koji je naju\u017ei (ne prelazi 125 cm) i najkra\u0107i (ne prelazi 165 cm), a ipak nudi najve\u0107u povr\u0161inu za spavanje (pogodan za sva vozila). \u0160ator sa krovnim za\u0161titama za sve prozore + dodatna tkanina, \u0161to se pokazalo vrlo korisnim u slu\u010daju iznenadne ki\u0161e ili rose (izvana lijepi modeli s velikim otvorenim povr\u0161inama nisu prakti\u010dni za na\u0161e podneblje gdje se vrijeme brzo mijenja). Sigurno ne\u0107ete prona\u0107i bolji \u0161ator za ovu cijenu (obratite pa\u017enju \u2013 svi krovni \u0161atori izgledaju sli\u010dno izvana, ali mnogi su znatno lo\u0161iji \u2013 klju\u010d je u materijalima i dizajnu). Na\u0161e VIAMAREsport \u0161atore upravo zbog ovih karakteristika prodajemo najzahtjevnijim kupcima \u0161irom EU. Zbog dimenzija, monta\u017ea ovakvog \u0161atora mogu\u0107a je na sve krovove vozila + automobilske prikolice \ud83d\ude09 <strong>Prodajemo najbolje \u2013 ili ni\u0161ta.<\/strong><\/p>\n<p>&nbsp;<\/p>\n<p><strong><span style=\"color: #333399;\">VIAMARE<\/span><span style=\"color: #33cccc;\">sport <\/span><\/strong>krovni \u0161atori <strong>\u2013 Za udobno putovanje, migracije za vrijeme prirodnih katastrofa, drugo \u2013\u00a0 sigurno, brzo i svuda.<\/strong><\/p>\n<p>Izdr\u017eljiv VIAMAREsport krovni \u0161ator za auto otporan na vremenske uvjete (odabran vrhunski kvalitet materijala po niskoj cijeni u odnosu na svu konkurenciju):<\/p>\n<ul>\n<li>&#8220;Oxford&#8221; tkanina za krovni \u0161ator 420D UV otporna (UV50+), plijesan i vodootporna H3000mm (osnovna hidroizolacija po\u010dinje na skali visine H1000mm)<\/li>\n<li>Robusna, ali mekana navlaka za \u0161ator 680G\/1200D<\/li>\n<li>\u0160ator je pogodan za 2-3 odraslih osoba + 1 dete, veliki krevet D161cm x \u0160243cm<\/li>\n<li>4x prozori sa mre\u017eama protiv komaraca i za\u0161titom od vanjskih utjecaja \u2013 mre\u017easte povr\u0161ine omogu\u0107avaju odli\u010dan protok zraka i \u0161tite od insekata (za sva godi\u0161nja doba, tj. najprikladnije za PROLJE\u0106E-LJETO-JESEN), krovni otvori<\/li>\n<li>1x providan krovni sky prozor sa komarnikom<\/li>\n<li>Automatski montirani i rastezljivi bo\u010dni prozori uz pomo\u0107 metalnih \u0161ipki, a vrata i veliki prozor sa 4x metalnih opru\u017enih \u0161ipki (monta\u017ea u rupu ALU poda, drugi dio kroz platno; vidi slike)<\/li>\n<li>Najdeblji robusni i inovativni ALU podni panel me\u0111u svim konkurentima<\/li>\n<li>2x torba za cipele sa prakti\u010dnim zra\u010dnim d\u017eepovima i robusnim pri\u010dvr\u0161\u0107ivanjem kroz utor na podu (bez nepotrebnih kai\u0161eva itd. koji se kva\u0161e)<\/li>\n<li>Uklju\u010den je perivi du\u0161ek od pjene, visine 61 mm, visoke gustine<\/li>\n<li>ALU zavarena anodizirana konstrukcija \u0161ipki pre\u010dnika 25 mm u obliku luka za bolji odvod vode (nisu ravne \u0161ipke!)<\/li>\n<li>\u0160arke i patentni zatvara\u010di visokog kvaliteta: na vratima tela \u0161atora, prozorima, poklopcu<\/li>\n<li>Teleskopska ljestva nosivosti 150 kg, samo 1 brza funkcija sklapanja i otvaranja<\/li>\n<li>Izdr\u017eljivost za brzinu vjetra max. 70 km\/h (dodatne trake u slu\u010daju nekori\u0161tenja \u0161atora, vjetrovitog vremena,&#8230;)<\/li>\n<li>Jedinstven, veoma kompaktan i prostran ru\u010dno ra\u0111en krovni \u0161ator<\/li>\n<li>Pribor za monta\u017eu: standardni imbus vijci od ner\u0111aju\u0107eg \u010delika\/inox i klju\u010d<\/li>\n<li>SLO-SRB-HR-EN upute<\/li>\n<li>*mogu\u0107nost ugradnje dodatnog &#8220;Anex&#8221; \u0161atorskog predprostora uz doplatu<\/li>\n<\/ul>\n<p>&nbsp;<\/p>\n<p><strong><span style=\"color: #333399;\">VIAMARE<\/span><\/strong><span style=\"color: #33cccc;\"><strong>sport<\/strong><\/span> krovni \u0161ator je dizajniran za ugradnju na krov vozila (auto, SUV, karavan, kombi, komercijalno vozilo). Pru\u017ea zgodnu i udobnu opciju kampiranja za ljubitelje prirode koji \u017eele istra\u017eivati \u200b\u200brazli\u010dite lokacije uz manje napora. Prava spava\u0107a soba u prirodi, sa mre\u017eama za komarce i zvjezdanim nebom. VIAMAREsport krovni \u0161ator je dizajniran za ve\u0107inu krovnih nosa\u010da na tr\u017ei\u0161tu i omogu\u0107ava brzu i sigurnu monta\u017eu.<\/p>\n<p>Novi oblici kampovanja postaju sve popularniji na\u010din provo\u0111enja odmora. To uklju\u010duje krovne \u0161atore koji zna\u010dajno oboga\u0107uju do\u017eivljaj kampiranja. Krovni \u0161ator se postavlja na krovne nosa\u010de vozila i odli\u010dna je alternativa klasi\u010dnom \u0161atoru, kamp ku\u0107ici ili kamp ku\u0107ici. Omogu\u0107ava vam da bilo koje vozilo pretvorite u bazni kamp u samo nekoliko koraka.<\/p>\n<p>Kori\u0161tenje krovnog \u0161atora je jednostavno. Odvezite se do svog omiljenog mjesta za kampiranje, postavite svoj \u0161ator u nekoliko koraka, spustite ljestve i popnite se u njih.<\/p>\n<p>Osim nevjerovatnih pogleda i udobnosti, ovakav na\u010din provo\u0111enja odmora nudi vam mnoge prednosti, bez obzira da li kampujete sami, s prijateljima ili sa porodicom.<\/p>\n<p>&nbsp;<\/p>\n<p><strong>Neke klju\u010dne karakteristike i prednosti <span style=\"color: #333399;\">VIAMARE<\/span><span style=\"color: #33cccc;\">sport<\/span> auto krovnog \u0161atora:<\/strong><\/p>\n<ul>\n<li><strong>Spavanje iznad zemlje:<\/strong> VIAMAREsport krovni \u0161atori su napravljeni od vodootpornog platna, tako da \u0107ete pod njima ostati suhi po svakom vremenu. Budu\u0107i da su podignute iz zemlje, u njima \u0107ete biti sigurni i od vlage i raznih insekata i drugih \u017eivotinja.<\/li>\n<li><strong>Brzo i jednostavno postavljanje:<\/strong> Sa VIAMAREsport krovnim \u0161atorom brige oko postavljanja su potpuno nepotrebne. Njegovo postavljanje je toliko jednostavno da ga mo\u017eete postaviti prakti\u010dki gdje god po\u017eelite, a uz pomo\u0107 raznih opcija postavljanja vozila maksimalno \u0107ete u\u017eivati \u200b\u200bu pogledu.<\/li>\n<li><strong>Udobnost:<\/strong> VIAMAREsport krovni \u0161ator je ve\u0107 fabri\u010dki opremljen madracima od memorijske pjene, \u0161to vam garantuje kvalitetan san. Ali ako tome dodate mogu\u0107nost ventilacije sa komarnicima i dosta prostora za odlaganje, zagarantovan vam je ugodan san.<\/li>\n<li><strong>Svestranost:<\/strong> VIAMAREsport krovni \u0161atori automobila mogu se koristiti za razne aktivnosti na otvorenom: kampovanje (uz more ili jezero), putovanja po Evropi, planinarenje, prisustvovanje doga\u0111ajima. Dizajnirani su da izdr\u017ee elemente i pru\u017eaju udobno skloni\u0161te gdje god da vas vozilo odnese.<\/li>\n<li><strong>Mobilnost:<\/strong> Sa VIAMAREsport krovnim \u0161atorom imate slobodu kampiranja na razli\u010ditim lokacijama bez potrebe da tra\u017eite ravnu podlogu ili prazna podru\u010dja. Prednost u odnosu na kamp prikolice i kampere je i ni\u017ea putarina.<\/li>\n<li><strong data-start=\"25\" data-end=\"43\">Drugi savjeti:<\/strong><br data-start=\"43\" data-end=\"46\" \/>\u2013 Ako je mogu\u0107e, neka ve\u0107a masa osoba bude raspore\u0111ena po vozilu, univerzalan mali, a prostran \u0161ator za 1 do 4 osobe (putnik, avanturist, ribolovac, za obitelj, &#8230;),<br data-start=\"212\" data-end=\"215\" \/>\u2013 Prilikom postavljanja obratite pa\u017enju na polo\u017eaj terena i orijentaciju prema suncu,<br data-start=\"300\" data-end=\"303\" \/>\u2013 Spustite sjenila u slu\u010daju jakog sunca,<br data-start=\"344\" data-end=\"347\" \/>\u2013 Mre\u017ee protiv komaraca uvijek dr\u017eite zatvorenima i tijekom cijelog dana prozra\u010dujte prostor za spavanje (pri pospremanju \u0161atora ih djelomi\u010dno otvorite zajedno s prozorima\/sjenilima kako bi se \u0161ator slo\u017eio bez napetosti i kasnijih o\u0161te\u0107enja na \u0161avovima).<\/li>\n<\/ul>\n<p><span style=\"font-size: 12px;\">Prilikom odabira krovnog \u0161atora za automobile, uzmite u obzir faktore kao \u0161to su veli\u010dina, te\u017eina, kvalitet materijala, jednostavnost ugradnje i karakteristike. Neke simboli\u010dne slike, mogu\u0107nost promjene dodataka, boja.<\/span><\/p>\n","protected":false},"excerpt":{"rendered":"<p>KROVNI Premium \u0160ATOR VIAMAREsport V64, za auto-kombi-terensko vozilo, zgodan i udoban NAJNI\u017dA CIJENA u EU, NAJBOLJI KVALITET (prodajemo najbolje ili ni\u0161ta, vi\u0161e od -50% jeftinije, ograni\u010dena koli\u010dina). VIAMAREsport \u0161atore izra\u0111ujemo ru\u010dno, posebno za vas, namjerno u manjim koli\u010dinama, s najboljim materijalima i uvijek sa svje\u017eom proizvodnjom \u2013 bez zaliha). Takvu kvalitetu krovnog \u0161atora ne\u0107ete na\u0107i [&hellip;]<\/p>\n","protected":false},"featured_media":16714,"template":"","meta":{"_acf_changed":false,"om_disable_all_campaigns":false,"_monsterinsights_skip_tracking":false,"_monsterinsights_sitenote_active":false,"_monsterinsights_sitenote_note":"","_monsterinsights_sitenote_category":0},"product_brand":[],"product_cat":[273,199,197],"product_tag":[],"class_list":{"0":"post-13728","1":"product","2":"type-product","3":"status-publish","4":"has-post-thumbnail","6":"product_cat-krovni-satori-viamaresport-za-automobil","7":"product_cat-outdoor-korvni-sator-za-automobil-bazen-solarni-tus","8":"product_cat-akcija","10":"first","11":"instock","12":"sale","13":"featured","14":"taxable","15":"shipping-taxable","16":"purchasable","17":"product-type-simple"},"acf":[],"aioseo_notices":[],"_links":{"self":[{"href":"https:\/\/www.viamaresport.com\/hr\/wp-json\/wp\/v2\/product\/13728","targetHints":{"allow":["GET"]}}],"collection":[{"href":"https:\/\/www.viamaresport.com\/hr\/wp-json\/wp\/v2\/product"}],"about":[{"href":"https:\/\/www.viamaresport.com\/hr\/wp-json\/wp\/v2\/types\/product"}],"wp:featuredmedia":[{"embeddable":true,"href":"https:\/\/www.viamaresport.com\/hr\/wp-json\/wp\/v2\/media\/16714"}],"wp:attachment":[{"href":"https:\/\/www.viamaresport.com\/hr\/wp-json\/wp\/v2\/media?parent=13728"}],"wp:term":[{"taxonomy":"product_brand","embeddable":true,"href":"https:\/\/www.viamaresport.com\/hr\/wp-json\/wp\/v2\/product_brand?post=13728"},{"taxonomy":"product_cat","embeddable":true,"href":"https:\/\/www.viamaresport.com\/hr\/wp-json\/wp\/v2\/product_cat?post=13728"},{"taxonomy":"product_tag","embeddable":true,"href":"https:\/\/www.viamaresport.com\/hr\/wp-json\/wp\/v2\/product_tag?post=13728"}],"curies":[{"name":"wp","href":"https:\/\/api.w.org\/{rel}","templated":true}]}}