{"id":10329,"date":"2024-11-17T18:00:45","date_gmt":"2024-11-17T18:00:45","guid":{"rendered":"https:\/\/www.parsun.si\/?post_type=product&#038;p=10329"},"modified":"2025-09-02T20:56:57","modified_gmt":"2025-09-02T20:56:57","slug":"tenda-bimini-top-za-camac","status":"publish","type":"product","link":"https:\/\/www.viamaresport.com\/hr\/proizvod\/tenda-bimini-top-za-camac\/","title":{"rendered":"TENDA BIMINI TOP za \u010damac 250 do 390, sklopivo, D180 x \u0160130 x V120 cm (V oblik 2x ALU \u0161tapa)"},"content":{"rendered":"<p><strong>NAJNI\u017dA CIJENA u EU, NAJBOLJI KVALITET<\/strong> (prodajemo najbolje ili ni\u0161ta, vi\u0161e od -50% jeftinije, ograni\u010dena koli\u010dina).<\/p>\n<div><span style=\"color: #800080;\">PREUZIMANJE:\u00a0 Dostava u HR i zemlje EU<\/span><\/div>\n<div>\n<div><span style=\"color: #339966;\">Cijena dostave vidna u korpi kad izaberete dr\u017eavu. Iskoristite na\u0161e niske cijene svje\u017eih proizvoda.<\/span><\/div>\n<div><\/div>\n<\/div>\n<p>Premium TENDA BIMINI TOP za \u010damac du\u017eine od 250 do 390 cm (! novi model: 20cm vi\u0161a i 40cm du\u017ea tenda na pro\u0161li model !)<\/p>\n<p>\u2013 univerzalno za sve \u010damce s istim ugra\u0111enim nosa\u010dem za vesla (VIAMAREsport standard za sve \u010damce)<br \/>\n\u2013 svijetlo siva \/ bijela boja<br \/>\n\u2013 stabilna, sklopiva aluminij konstrukcija<br \/>\n\u2013 dimenzije D180 x \u0160130 x V120 cm (V-oblik sa 2x ALU \u0161tapa) \u2013 vi\u0161a tenda nudi bolje zra\u010denje, comfort sjedenje i odmor<br \/>\n\u2013 ugradnja na nosa\u010de za vesla s mogu\u0107no\u0161\u0107u rastezanja +\/- 15 cm<br \/>\n\u2013 UV za\u0161tita, 100% poliester<\/p>\n<p>V slu\u010daju glisiranja sklopite tendu (vi\u0161a potro\u0161nja goriva, u cilju izbjegavanja opasnosti).<\/p>\n","protected":false},"excerpt":{"rendered":"<p><span class=\"taxinfo\">Uklju\u010duje 22 % PDV<\/span><\/p>\n<div class=\"deliverytime\">Vrijeme dostave: 1-3 radna dana<\/div>\n<div class=\"productweight\">Masa: 10<span id=\"block_weight\">\u00a0kg<\/span><\/div>\n","protected":false},"featured_media":17901,"template":"","meta":{"_acf_changed":false,"om_disable_all_campaigns":false,"_monsterinsights_skip_tracking":false,"_monsterinsights_sitenote_active":false,"_monsterinsights_sitenote_note":"","_monsterinsights_sitenote_category":0},"product_brand":[],"product_cat":[197,200,202],"product_tag":[],"class_list":{"0":"post-10329","1":"product","2":"type-product","3":"status-publish","4":"has-post-thumbnail","6":"product_cat-akcija","7":"product_cat-gumeni-camac-gumenjak","8":"product_cat-oprema-za-camce","10":"first","11":"instock","12":"sale","13":"featured","14":"taxable","15":"shipping-taxable","16":"purchasable","17":"product-type-simple"},"acf":[],"aioseo_notices":[],"_links":{"self":[{"href":"https:\/\/www.viamaresport.com\/hr\/wp-json\/wp\/v2\/product\/10329","targetHints":{"allow":["GET"]}}],"collection":[{"href":"https:\/\/www.viamaresport.com\/hr\/wp-json\/wp\/v2\/product"}],"about":[{"href":"https:\/\/www.viamaresport.com\/hr\/wp-json\/wp\/v2\/types\/product"}],"wp:featuredmedia":[{"embeddable":true,"href":"https:\/\/www.viamaresport.com\/hr\/wp-json\/wp\/v2\/media\/17901"}],"wp:attachment":[{"href":"https:\/\/www.viamaresport.com\/hr\/wp-json\/wp\/v2\/media?parent=10329"}],"wp:term":[{"taxonomy":"product_brand","embeddable":true,"href":"https:\/\/www.viamaresport.com\/hr\/wp-json\/wp\/v2\/product_brand?post=10329"},{"taxonomy":"product_cat","embeddable":true,"href":"https:\/\/www.viamaresport.com\/hr\/wp-json\/wp\/v2\/product_cat?post=10329"},{"taxonomy":"product_tag","embeddable":true,"href":"https:\/\/www.viamaresport.com\/hr\/wp-json\/wp\/v2\/product_tag?post=10329"}],"curies":[{"name":"wp","href":"https:\/\/api.w.org\/{rel}","templated":true}]}}