{"id":7612,"date":"2018-12-20T17:29:20","date_gmt":"2018-12-20T17:29:20","guid":{"rendered":"https:\/\/www.parsun.si\/saveti-o-odrzavanju\/"},"modified":"2025-01-18T16:21:48","modified_gmt":"2025-01-18T16:21:48","slug":"saveti-o-odrzavanju","status":"publish","type":"page","link":"https:\/\/www.viamaresport.com\/hr\/informacije\/saveti-o-odrzavanju\/","title":{"rendered":"Saveti o odr\u017eavanju"},"content":{"rendered":"<p><img loading=\"lazy\" decoding=\"async\" class=\"alignnone wp-image-1814 size-full\" src=\"http:\/\/viamaresport.com\/wp-content\/uploads\/2018\/12\/1-1.png\" alt=\"\" width=\"1806\" height=\"350\" srcset=\"https:\/\/www.viamaresport.com\/wp-content\/uploads\/2018\/12\/1-1.png 1806w, https:\/\/www.viamaresport.com\/wp-content\/uploads\/2018\/12\/1-1-768x149.png 768w, https:\/\/www.viamaresport.com\/wp-content\/uploads\/2018\/12\/1-1-1024x198.png 1024w, https:\/\/www.viamaresport.com\/wp-content\/uploads\/2018\/12\/1-1-367x71.png 367w, https:\/\/www.viamaresport.com\/wp-content\/uploads\/2018\/12\/1-1-600x116.png 600w\" sizes=\"auto, (max-width: 1806px) 100vw, 1806px\" \/><\/p>\n<h4>\u00a0<\/h4>\n<h4><a href=\"https:\/\/www.viamaresport.com\/en\/advice-on-maintenance\/\">DODATAK \u2013 priprema va\u0161eg motora na sezonu (KLIKNI OVDJE)<\/a><\/h4>\n<div align=\"justify\">S obzirom da se najve\u0107i broj kvarova upravo de\u0161ava zbog nepravilnog rukovanja i neredovitih servisnih odr\u017eavanja motora, na\u0161i savjeti su slijede\u0107i:<\/div>\n<div align=\"justify\">\u2013 redovito servisirajte svoj motor prema propisanim servisnim intervalima isklju\u010divo kod ovla\u0161tenih servisnih radionica<\/div>\n<div align=\"justify\">\u2013 vodite osobnu evidenciju napravljenih servisa i ostalih radova na motoru<\/div>\n<div align=\"justify\">\u2013 koristite samo propisana ili preporu\u010dljiva ulja, maziva i pro\u010dista\u010de za motor<\/div>\n<div align=\"justify\">\u2013 primjereno zagrijte svoj motor prije nego koristite puni gas<\/div>\n<div align=\"justify\">\u2013 svakako isperite motor svaki puta nakon kori\u0161tenja<\/div>\n<div align=\"justify\">\u2013 ako ne namjeravate du\u017ee vrijeme koristiti motor svakako\u00a0je na\u0161a preporuka\u00a0da odnesete svoj motor ovla\u0161tenoj servisnoj radionici na konzervaciju, kako bi va\u0161 motor bio uredno spremljen na suho i toplo mjesto, te tako \u0107ete osigurati da va\u0161 motor bude dugotrajno funkcionalan<\/div>\n<div align=\"justify\">\u00a0<\/div>\n<div align=\"justify\">\u00a0<\/div>\n<div align=\"justify\">Za vi\u0161e saveta o odr\u017eavanju pitajte prijatelja CHATGPT<\/div>\n\n\n<p><\/p>\n","protected":false},"excerpt":{"rendered":"<p>\u00a0 DODATAK \u2013 priprema va\u0161eg motora na sezonu (KLIKNI OVDJE) S obzirom da se najve\u0107i broj kvarova upravo de\u0161ava zbog nepravilnog rukovanja i neredovitih servisnih odr\u017eavanja motora, na\u0161i savjeti su slijede\u0107i: \u2013 redovito servisirajte svoj motor prema propisanim servisnim intervalima isklju\u010divo kod ovla\u0161tenih servisnih radionica \u2013 vodite osobnu evidenciju napravljenih servisa i ostalih radova na [&hellip;]<\/p>\n","protected":false},"author":3,"featured_media":0,"parent":9973,"menu_order":0,"comment_status":"closed","ping_status":"closed","template":"","meta":{"_acf_changed":false,"om_disable_all_campaigns":false,"_monsterinsights_skip_tracking":false,"_monsterinsights_sitenote_active":false,"_monsterinsights_sitenote_note":"","_monsterinsights_sitenote_category":0,"footnotes":""},"class_list":["post-7612","page","type-page","status-publish","hentry"],"acf":[],"aioseo_notices":[],"_links":{"self":[{"href":"https:\/\/www.viamaresport.com\/hr\/wp-json\/wp\/v2\/pages\/7612","targetHints":{"allow":["GET"]}}],"collection":[{"href":"https:\/\/www.viamaresport.com\/hr\/wp-json\/wp\/v2\/pages"}],"about":[{"href":"https:\/\/www.viamaresport.com\/hr\/wp-json\/wp\/v2\/types\/page"}],"author":[{"embeddable":true,"href":"https:\/\/www.viamaresport.com\/hr\/wp-json\/wp\/v2\/users\/3"}],"replies":[{"embeddable":true,"href":"https:\/\/www.viamaresport.com\/hr\/wp-json\/wp\/v2\/comments?post=7612"}],"version-history":[{"count":2,"href":"https:\/\/www.viamaresport.com\/hr\/wp-json\/wp\/v2\/pages\/7612\/revisions"}],"predecessor-version":[{"id":17206,"href":"https:\/\/www.viamaresport.com\/hr\/wp-json\/wp\/v2\/pages\/7612\/revisions\/17206"}],"up":[{"embeddable":true,"href":"https:\/\/www.viamaresport.com\/hr\/wp-json\/wp\/v2\/pages\/9973"}],"wp:attachment":[{"href":"https:\/\/www.viamaresport.com\/hr\/wp-json\/wp\/v2\/media?parent=7612"}],"curies":[{"name":"wp","href":"https:\/\/api.w.org\/{rel}","templated":true}]}}