{"id":7604,"date":"2019-02-04T19:44:26","date_gmt":"2019-02-04T19:44:26","guid":{"rendered":"https:\/\/www.parsun.si\/dostava\/"},"modified":"2026-02-15T13:39:10","modified_gmt":"2026-02-15T13:39:10","slug":"dostava","status":"publish","type":"page","link":"https:\/\/www.viamaresport.com\/hr\/informacije\/dostava\/","title":{"rendered":"Dostava"},"content":{"rendered":"<p><img loading=\"lazy\" decoding=\"async\" class=\"alignnone wp-image-1803\" src=\"https:\/\/www.viamaresport.com\/wp-content\/uploads\/2018\/12\/dostava.png\" alt=\"\" width=\"600\" height=\"137\" \/> <img loading=\"lazy\" decoding=\"async\" class=\"alignnone  wp-image-3455\" src=\"https:\/\/www.technic-toys.com\/wp-content\/uploads\/2019\/03\/download-300x85.png\" sizes=\"auto, (max-width: 300px) 100vw, 300px\" srcset=\"https:\/\/www.technic-toys.com\/wp-content\/uploads\/2019\/03\/download-300x85.png 300w, https:\/\/www.technic-toys.com\/wp-content\/uploads\/2019\/03\/download-400x113.png 400w, https:\/\/www.technic-toys.com\/wp-content\/uploads\/2019\/03\/download-367x103.png 367w, https:\/\/www.technic-toys.com\/wp-content\/uploads\/2019\/03\/download.png 415w\" alt=\"\" width=\"387\" height=\"109\" \/><\/p>\n<p><strong>! Dodajte proizvod u korpu kako biste vidjeli tro\u0161kove dostave za svoju zemlju !<\/strong><\/p>\n<div>\n<div>\n<div><strong><span style=\"font-size: 16px; color: #ff0000;\">HRVATSKA (EU)<\/span><\/strong>,<strong> trajanje dostave 2-3 dana:\u00a0 <\/strong><\/div>\n<\/div>\n<div>\n<ul>\n<li>PAKET: tro\u0161ak dostave <strong>10 eur<\/strong>, te\u017eine <strong>do 39.9 kg<\/strong> (HR kopneni dio + samo ve\u0107i otoci\/ostrva: Cres, Krk, Bra\u010d, Hvar, Pag, Kor\u010dula, Rab i Mali Lo\u0161inj)<\/li>\n<li>PAKET: tro\u0161ak dostave <strong>40 eur<\/strong>, te\u017eine <strong>40-50 kg<\/strong> (HR kopneni dio + ve\u0107i otoci\/ostrva: samo Cres, Krk, Bra\u010d, Hvar, Pag, Kor\u010dula, Rab i Mali Lo\u0161inj)<\/li>\n<li>PALETA (mo\u017ee stati vi\u0161e paketa): tro\u0161ak dostave <strong>95 eur, <\/strong>te\u017eine <strong>51-250 kg<\/strong> (HR kopneni dio + ve\u0107i otoci\/ostrva: samo Cres, Krk, Bra\u010d, Hvar, Pag, Kor\u010dula, Rab i Mali Lo\u0161inj)<\/li>\n<li>Ako ste u blizini granice sa Slovenijom, naru\u010dite besplatnu dostavu paketa do 39 kg u jednu od 400 GLS paketnih mjesta za preuzimanje. Paket mo\u017eete platiti prilikom preuzimanja gotovinom ili ban\u010dnom karticom. U polje upisa adrese u korpi za dostavu u Sloveniji napi\u0161ite adresu poznanika ili klinite na: \u00a0<strong><a href=\"https:\/\/gls-group.eu\/SI\/sl\/gls-iskanje-parcelshop\" target=\"_blank\" rel=\"noopener\">GLS MJESTA PREUZIMANJA (benzinske pumpe Petrol, OMV, Mercator, Big Bang, Trafika 3dva).<\/a><\/strong><\/li>\n<li>Ukoliko smatrate da vam je logistika preskupa, preporu\u010dujemo da preuzmete na\u0161e artikle direktno kod nas. Koliko vas ko\u0161ta put do nas, pogledajte na: <strong><a href=\"http:\/\/www.viamichelin.com\/\">www.viamichelin.com <\/a><\/strong>ili google map (upi\u0161ite svoju i na\u0161u adresu).<\/li>\n<li>Osobno \/ Li\u010dno preuzimanje za exYU dr\u017eavljane \u2013 najavite dolazak 1 dan ranije!<\/li>\n<li><strong>NAPOMENA ZA POVRAT -22 % PDV: HR firmama koje posluju netto cijenema pripada povrat PDV \u2013 sve \u0161to trebamo je va\u0161 poreski broj upisan u registru <a href=\"https:\/\/ec.europa.eu\/taxation_customs\/vies\/#\/vat-validation\" target=\"_blank\" rel=\"noopener\">EU VIES PDV (klikni ovdje)<\/a><\/strong><\/li>\n<\/ul>\n<\/div>\n<div>\n<div><strong><span style=\"font-size: 16px; color: #ff0000;\">SRB-BIH-CG-MK<\/span><\/strong><strong>, trajanje dostave 5-10 dana:\u00a0<\/strong><\/div>\n<ul>\n<li>Mogu\u0107nost preuzimanja \u0161irom EU (trajanje 2-3 dana): dostava paketa do 29 kg u sve dr\u017eave EU 40eur (osim <strong><span style=\"color: #ff0000;\">HR<\/span><\/strong>vatska 10 eur, s<strong><span style=\"color: #99cc00;\">LOVE<\/span><\/strong>nija 0 EUR)\u00a0<\/li>\n<li>Preporu\u010dujemo dostavu u dr\u017eave EU ako ste fizi\u010dko lice (najbr\u017ee, najpovoljnije, najmanje birokracije).<\/li>\n<li>Svim dr\u017eavljanima 3. dr\u017eava i firmama (<span style=\"color: #333399;\">SRB<\/span><strong>,<\/strong> <span style=\"color: #008000;\">BIH<\/span>, <span style=\"color: #ff0000;\">CG<\/span>, <span style=\"color: #ff9900;\">MK<\/span>,&#8230;) vra\u0107amo -22% PDV u roku od 7 dana, na va\u0161 TRR IBAN bankovni ra\u010dun.<\/li>\n<\/ul>\n<\/div>\n<\/div>\n<div><strong>! Dodajte stavku u korpu kako biste osvje\u017eili tro\u0161kove dostave za svoju zemlju !<\/strong><\/div>\n<div>\n<div>\n<div>\u00a0<\/div>\n<\/div>\n<div>\n<div><strong><a href=\"https:\/\/gls-group.eu\/\" target=\"_blank\" rel=\"noopener\">GLS PARCEL EUROPE<\/a><\/strong><\/div>\n<\/div>\n<\/div>\n\n\n<p><\/p>\n","protected":false},"excerpt":{"rendered":"<p>! Dodajte proizvod u korpu kako biste vidjeli tro\u0161kove dostave za svoju zemlju ! HRVATSKA (EU), trajanje dostave 2-3 dana:\u00a0 PAKET: tro\u0161ak dostave 10 eur, te\u017eine do 39.9 kg (HR kopneni dio + samo ve\u0107i otoci\/ostrva: Cres, Krk, Bra\u010d, Hvar, Pag, Kor\u010dula, Rab i Mali Lo\u0161inj) PAKET: tro\u0161ak dostave 40 eur, te\u017eine 40-50 kg (HR [&hellip;]<\/p>\n","protected":false},"author":3,"featured_media":0,"parent":9973,"menu_order":0,"comment_status":"closed","ping_status":"closed","template":"","meta":{"_acf_changed":false,"om_disable_all_campaigns":false,"_monsterinsights_skip_tracking":false,"_monsterinsights_sitenote_active":false,"_monsterinsights_sitenote_note":"","_monsterinsights_sitenote_category":0,"footnotes":""},"class_list":["post-7604","page","type-page","status-publish","hentry"],"acf":[],"aioseo_notices":[],"_links":{"self":[{"href":"https:\/\/www.viamaresport.com\/hr\/wp-json\/wp\/v2\/pages\/7604","targetHints":{"allow":["GET"]}}],"collection":[{"href":"https:\/\/www.viamaresport.com\/hr\/wp-json\/wp\/v2\/pages"}],"about":[{"href":"https:\/\/www.viamaresport.com\/hr\/wp-json\/wp\/v2\/types\/page"}],"author":[{"embeddable":true,"href":"https:\/\/www.viamaresport.com\/hr\/wp-json\/wp\/v2\/users\/3"}],"replies":[{"embeddable":true,"href":"https:\/\/www.viamaresport.com\/hr\/wp-json\/wp\/v2\/comments?post=7604"}],"version-history":[{"count":11,"href":"https:\/\/www.viamaresport.com\/hr\/wp-json\/wp\/v2\/pages\/7604\/revisions"}],"predecessor-version":[{"id":19900,"href":"https:\/\/www.viamaresport.com\/hr\/wp-json\/wp\/v2\/pages\/7604\/revisions\/19900"}],"up":[{"embeddable":true,"href":"https:\/\/www.viamaresport.com\/hr\/wp-json\/wp\/v2\/pages\/9973"}],"wp:attachment":[{"href":"https:\/\/www.viamaresport.com\/hr\/wp-json\/wp\/v2\/media?parent=7604"}],"curies":[{"name":"wp","href":"https:\/\/api.w.org\/{rel}","templated":true}]}}