{"id":19541,"date":"2025-11-27T18:10:39","date_gmt":"2025-11-27T18:10:39","guid":{"rendered":"https:\/\/www.viamaresport.com\/?post_type=product&#038;p=19541"},"modified":"2026-02-15T21:52:03","modified_gmt":"2026-02-15T21:52:03","slug":"rooftop-car-tent-autodachzelt-tenda-da-tetto-per-auto-viamaresport-v64-wild-nature-premium-1-3-person","status":"publish","type":"product","link":"https:\/\/www.viamaresport.com\/en\/product\/rooftop-car-tent-autodachzelt-tenda-da-tetto-per-auto-viamaresport-v64-wild-nature-premium-1-3-person\/","title":{"rendered":"ROOFTOP car tent &#8211; Autodachzelt &#8211; Tenda da tetto per auto (VIAMAREsport V64 WILD-NATURE premium, 1-3 person)"},"content":{"rendered":"<p><span style=\"color: #800080;\">ROOFTOP car TENT VIAMAREsport V64, relaxing and comfortable everywhere.<\/span><\/p>\n<p><strong>The LOWEST PRICE in the EU <\/strong>(more than -50% cheaper, limited quantity).<\/p>\n<p><span style=\"color: #339966;\">! It can be assembled and disassembled in 5 minutes! <\/span><span style=\"color: #339966;\">View the details of the superior, universal roof top car tent in more than 30 images.<\/span><\/p>\n<p><img loading=\"lazy\" decoding=\"async\" class=\"alignnone size-medium wp-image-14014\" src=\"https:\/\/www.viamaresport.com\/wp-content\/uploads\/2020\/08\/Lowest-price-Parsun-Viamaresport-300x259.jpg\" alt=\"\" width=\"300\" height=\"259\" \/><\/p>\n<p><span style=\"color: #3366ff;\">RoofTop car tents<\/span> <strong><span style=\"color: #333399;\">VIAMARE<\/span><\/strong><span style=\"color: #33cccc;\"><strong>sport<\/strong><\/span> <span style=\"color: #3366ff;\">&#8211; the most convenient and comfortable travel, fast and everywhere.<\/span><\/p>\n<p>&nbsp;<\/p>\n<p data-start=\"88\" data-end=\"761\"><strong data-start=\"88\" data-end=\"124\">PREMIUM DESIGN at the Best Price<\/strong> \u2013 true elegance (side windows without external support rods for auto-opening\/closing; internal ALU ARC rods are hidden from view and aligned symmetrically with the seams). The only rooftop tent model that offers maximum protection from wind and sun, while ensuring excellent ventilation. We use only the best anodized ALU frame, rods, and ladder. We don\u2019t cut corners on materials \u2013 we select only the finest (oversized and reinforced ALU profiles for higher load capacity, fabrics with superior water column ratings and heavier weight). Superior quality, craftsmanship, and attention to demanding details \u2013 all for the benefit of the user.<\/p>\n<p data-start=\"763\" data-end=\"1456\">This rooftop tent delivers far more than anything offered by even the most prestigious global brands. The cover is made from a very soft yet durable waterproof fabric. Removable mosquito nets and sunshades with the option to fully close all openings (against rain and wind). It is the only rooftop tent model that is ultra-narrow (under 125 cm) and compact (under 145 cm) while still offering the <strong data-start=\"1160\" data-end=\"1185\">largest sleeping area<\/strong> \u2013 making it suitable for virtually all vehicles. Includes roof protection over all windows + an additional fabric layer \u2013 especially useful during sudden rain or dew (visually appealing models with large open surfaces are often impractical in our fast-changing climate).<\/p>\n<p data-start=\"1458\" data-end=\"1848\">You simply won&#8217;t find a better tent at this price point (be cautious \u2013 many rooftop tents look similar on the outside, but the real difference is in materials and design). That\u2019s why our <strong data-start=\"1645\" data-end=\"1661\">VIAMAREsport<\/strong> tents are trusted by the most demanding customers all across the EU. Due to their size, they can be mounted on all vehicle roofs and car trailers \ud83d\ude09<br data-start=\"1811\" data-end=\"1814\" \/>We sell the <strong data-start=\"1826\" data-end=\"1848\">best \u2013 or nothing.<\/strong><\/p>\n<p>Durable VIAMAREsport weatherproof car roof tent (chosen quality of materials compared to the competition):<\/p>\n<ul>\n<li>&#8220;Oxford&#8221; Rooftop Tent Fabric 420D UV, Mildew and Water Resistant H3000mm (Basic waterproofing starts at H1000mm height scale)<\/li>\n<li>The tent is suitable for several people, adult 1-2 + 1 child (see picture)<\/li>\n<li>4x The mesh areas allow excellent air flow and protect against insects<\/li>\n<li>1x Transparent top sky window with musquito net<\/li>\n<li>Shoe bag, handy pockets, 1200D tent cover<\/li>\n<li>Included washable foam mattress height 61cm<\/li>\n<li>ALU welded anodized ARC construction as well as a telescopic ladder with 1- close\/open function<\/li>\n<li>Resistance to wind speed max. 70 km\/h<\/li>\n<li>A unique, very compact and spacious handmade roof tent<\/li>\n<li>Mounting accessories<\/li>\n<\/ul>\n<p>The VIAMAREsport roof tent is designed for installation on the roof of a vehicle (car, SUV, station wagon, van, commercial vehicle). It provides a convenient and comfortable camping option for outdoor enthusiasts who want to explore different locations with less effort. A real bedroom in nature, with mosquito nets and a starry sky. The VIAMAREsport roof tent is designed for most roof racks on the market and enables quick and safe installation.<\/p>\n<p>New forms of camping are becoming an increasingly popular way of spending a vacation. These include roof tents, which significantly enrich the camping experience. The roof tent is installed on the roof racks of the vehicle and is an excellent alternative to a classic tent, motor home or caravan. It allows you to turn any vehicle into a base camp in just a few steps.<\/p>\n<p>Using the roof tent is simple. Drive to your favorite camping spot, set up your tent in a few steps, lower the ladder and climb into it.<\/p>\n<p>Apart from the incredible views and comfort, this way of spending your vacation offers you many advantages, regardless of whether you are camping alone, with friends or with family.<\/p>\n<p>&nbsp;<\/p>\n<p>Some key features and advantages of the VIAMAREsport car roof tent:<\/p>\n<ul>\n<li>Sleeping above the ground: VIAMAREsport roof tents are made of waterproof canvas, so you will stay dry under them in any weather. Since they are raised from the ground, you will also be safe in them from moisture and various insects and other animals.<\/li>\n<li>Quick and easy set-up: With the VIAMAREsport roof top tent, worries about setting up are completely unnecessary. Its installation is so easy that you can place it practically anywhere you want, and with the help of various vehicle placement options, you will enjoy the view to the maximum.<\/li>\n<li>Comfort: The VIAMAREsport roof tent is already equipped with memory foam mattresses from the factory, which guarantees you a quality sleep. But if you add to that the possibility of ventilation with mosquito nets and plenty of storage space, you are guaranteed a comfortable night&#8217;s sleep.<\/li>\n<li>Versatility: VIAMAREsport car roof tents can be used for various outdoor activities: camping (by the sea or lake), traveling in Europe, hiking, attending events. They are designed to withstand the elements and provide comfortable shelter wherever your vehicle may take you.<\/li>\n<li>Mobility: With the VIAMAREsport roof top tent you have the freedom to camp in different locations without having to search for flat ground or empty areas. The advantage over caravans and campers is also a lower toll.<\/li>\n<\/ul>\n<p>&nbsp;<\/p>\n<p><span style=\"font-size: 17px;\"><strong>Shipping and Pickup:<\/strong><\/span><\/p>\n<ul>\n<li><strong>Shipping cost:\u00a0 \u00a0<\/strong>Add the item to your cart to refresh the shipping costs for your country<\/li>\n<li><span style=\"font-size: 17px;\"><strong>Personal pickup:\u00a0 \u00a0<\/strong>Warehouse Ljubljana, Slovenia, EU (pre-order at least 24h in advance)<\/span><\/li>\n<\/ul>\n<p>&nbsp;<\/p>\n<p><span style=\"font-size: 12px;\">\u00a0 \u00a0 \u00a0 \u00a0 <\/span><span style=\"font-size: 12px;\">When choosing a car roof tent, consider factors such as size, weight, quality of materials, ease of installation and features. Some symbolic images, the possibility of changing accessories, colors.<\/span><\/p>\n<p>&nbsp;<\/p>\n<p><span style=\"font-size: 10px;\">EU market VIAMAREsport DACHZELT F\u00dcR AUTO \/ TENDA DA TETTO PER AUTO \/ TENTE DE TOIT POUR VOITURE \/ TIENDA DE TECHO PARA COCHE \/ TET\u0150S\u00c1TOR AUT\u00d3HOZ \/ KROVNI \u0160ATOR ZA AUTO \/ \u0422\u0415\u041d\u0422 \u0414\u041b\u042f \u0410\u0412\u0422\u041e \/ \u0420\u041e\u041e\u0424\u0422\u041e\u041f \u0422\u0415\u041d\u0422 \u0424\u041e\u0420 \u0426\u0410\u0420 \/ ST\u0158E\u0160N\u00cd STAN PRO AUTO \/ STRE\u0160N\u00dd STAN PRE AUTO \/ NAMIOT DACHOWY DO SAMOCHODU \/ CORT PE ACOPERIS PENTRU AUTO \/ \u041f\u041e\u041a\u0420\u0418\u0412\u041d\u0410 \u041f\u0410\u041b\u0410\u0422\u041a\u0410 \u0417\u0410 \u0410\u0412\u0422\u041e\u041c\u041e\u0411\u0418\u041b \/ \u03a4\u0395\u039d\u03a4\u0391 \u039f\u03a1\u039f\u03a6\u0397\u03a3 \u0393\u0399\u0391 \u0391\u03a5\u03a4\u039f\u039a\u0399\u039d\u0397\u03a4\u039f \/ \u0428\u0410\u0422\u041e\u0420 \u0417\u0410 \u0410\u0412\u0422\u041e\u041c\u041e\u0411\u0418\u041b \/ KATUSETELK AUTOLE \/ PAlapin\u0117 AUTOMOBILIUI STOGOJE \/ JUMTA TELTS AUTOMA\u0160\u012aNAI \/ KATTOTELTA AUTOLLE \/ TAKT\u00c4LT F\u00d6R BIL \/<\/span><\/p>\n","protected":false},"excerpt":{"rendered":"<div class=\"description woocommerce-product-details__short-description\">\n<p><span class=\"taxinfo\">Incl. 22 % TAX<\/span><\/p>\n<p>Delivery time: 2-5 working days<\/p>\n<div class=\"productweight\">Weight: 59 <span id=\"block_weight\">Kg<\/span><\/div>\n<\/div>\n","protected":false},"featured_media":19546,"template":"","meta":{"_acf_changed":false,"om_disable_all_campaigns":false,"_monsterinsights_skip_tracking":false,"_monsterinsights_sitenote_active":false,"_monsterinsights_sitenote_note":"","_monsterinsights_sitenote_category":0},"product_brand":[],"product_cat":[272,185,136],"product_tag":[],"class_list":{"0":"post-19541","1":"product","2":"type-product","3":"status-publish","4":"has-post-thumbnail","6":"product_cat-rooftop-car-tent-viamaresport-autodachzelt-tenda-da-tetto-per-auto","7":"product_cat-outdoor-viamare","8":"product_cat-sale","10":"first","11":"instock","12":"sale","13":"featured","14":"taxable","15":"shipping-taxable","16":"purchasable","17":"product-type-simple"},"acf":[],"aioseo_notices":[],"_links":{"self":[{"href":"https:\/\/www.viamaresport.com\/en\/wp-json\/wp\/v2\/product\/19541","targetHints":{"allow":["GET"]}}],"collection":[{"href":"https:\/\/www.viamaresport.com\/en\/wp-json\/wp\/v2\/product"}],"about":[{"href":"https:\/\/www.viamaresport.com\/en\/wp-json\/wp\/v2\/types\/product"}],"wp:featuredmedia":[{"embeddable":true,"href":"https:\/\/www.viamaresport.com\/en\/wp-json\/wp\/v2\/media\/19546"}],"wp:attachment":[{"href":"https:\/\/www.viamaresport.com\/en\/wp-json\/wp\/v2\/media?parent=19541"}],"wp:term":[{"taxonomy":"product_brand","embeddable":true,"href":"https:\/\/www.viamaresport.com\/en\/wp-json\/wp\/v2\/product_brand?post=19541"},{"taxonomy":"product_cat","embeddable":true,"href":"https:\/\/www.viamaresport.com\/en\/wp-json\/wp\/v2\/product_cat?post=19541"},{"taxonomy":"product_tag","embeddable":true,"href":"https:\/\/www.viamaresport.com\/en\/wp-json\/wp\/v2\/product_tag?post=19541"}],"curies":[{"name":"wp","href":"https:\/\/api.w.org\/{rel}","templated":true}]}}